{"id":105,"date":"2020-12-13T12:09:51","date_gmt":"2020-12-13T11:09:51","guid":{"rendered":"http:\/\/shop.xecro-developer.v220201227215135613.goodsrv.de\/?page_id=105"},"modified":"2025-07-28T19:08:51","modified_gmt":"2025-07-28T17:08:51","slug":"home","status":"publish","type":"page","link":"https:\/\/xecro.com\/de\/","title":{"rendered":"Home"},"content":{"rendered":"<div data-elementor-type=\"wp-page\" data-elementor-id=\"105\" class=\"elementor elementor-105\">\n\t\t\t\t\t\t<section class=\"elementor-section elementor-top-section elementor-element elementor-element-2aea899 elementor-section-boxed elementor-section-height-default elementor-section-height-default\" data-id=\"2aea899\" data-element_type=\"section\">\n\t\t\t\t\t\t<div class=\"elementor-container elementor-column-gap-default\">\n\t\t\t\t\t<div class=\"elementor-column elementor-col-100 elementor-top-column elementor-element elementor-element-31ace1a\" data-id=\"31ace1a\" data-element_type=\"column\">\n\t\t\t<div class=\"elementor-widget-wrap elementor-element-populated\">\n\t\t\t\t\t\t<div class=\"elementor-element elementor-element-2c1722b elementor-widget elementor-widget-heading\" data-id=\"2c1722b\" data-element_type=\"widget\" data-widget_type=\"heading.default\">\n\t\t\t\t<div class=\"elementor-widget-container\">\n\t\t\t\t\t<h4 class=\"elementor-heading-title elementor-size-default\">Sch\u00f6n, dass Sie da sind. Physisch oder virtuell \u2013 Sie sind uns immer willkommen!<\/h4>\t\t\t\t<\/div>\n\t\t\t\t<\/div>\n\t\t\t\t\t<\/div>\n\t\t<\/div>\n\t\t\t\t\t<\/div>\n\t\t<\/section>\n\t\t\t\t<section class=\"elementor-section elementor-top-section elementor-element elementor-element-d8e97ad elementor-section-boxed elementor-section-height-default elementor-section-height-default\" data-id=\"d8e97ad\" data-element_type=\"section\">\n\t\t\t\t\t\t<div class=\"elementor-container elementor-column-gap-default\">\n\t\t\t\t\t<div class=\"elementor-column elementor-col-100 elementor-top-column elementor-element elementor-element-83cbbc1\" data-id=\"83cbbc1\" data-element_type=\"column\">\n\t\t\t<div class=\"elementor-widget-wrap\">\n\t\t\t\t\t\t\t<\/div>\n\t\t<\/div>\n\t\t\t\t\t<\/div>\n\t\t<\/section>\n\t\t\t\t<section class=\"elementor-section elementor-top-section elementor-element elementor-element-da1045e elementor-section-boxed elementor-section-height-default elementor-section-height-default\" data-id=\"da1045e\" data-element_type=\"section\">\n\t\t\t\t\t\t<div class=\"elementor-container elementor-column-gap-default\">\n\t\t\t\t\t<div class=\"elementor-column elementor-col-33 elementor-top-column elementor-element elementor-element-5515fd5\" data-id=\"5515fd5\" data-element_type=\"column\">\n\t\t\t<div class=\"elementor-widget-wrap elementor-element-populated\">\n\t\t\t\t\t\t<div class=\"elementor-element elementor-element-ca5cf96 elementor-widget elementor-widget-text-editor\" data-id=\"ca5cf96\" data-element_type=\"widget\" data-widget_type=\"text-editor.default\">\n\t\t\t\t<div class=\"elementor-widget-container\">\n\t\t\t\t\t\t\t\t\t<p class=\"translation-block\"><strong>Technikorientiertes Denken<\/strong><br>\nXECRO ist ein unabh\u00e4ngiges Unternehmen mit mehr als 20 Jahren Erfahrung in der Sensorindustrie. XECRO entwickelt, produziert und vertreibt Industriesensoren und allgmeine Industrieelektronik weltweit.\nMit den Jahren hat XECRO seine Produktreihen dahin-gehend erweitert, dass sie heute zu einer der vollst\u00e4ndigsten und leistungsf\u00e4higsten in der Automatisierungstechnik z\u00e4hlt.\nXECROs Innovation und der hohe Stand seiner Technologie erm\u00f6glichen, die d\u00fcnnsten und k\u00fcrzesten Sensoren, Sensoren mit vier\u00adfachem Normschaltabstand, hochdruck- und temeraturbest\u00e4ndigen Sensoren, sowie Sensoren mit au\u00dfergew\u00f6hnlich widerstandsf\u00e4higen Vollmetallgeh\u00e4usen zu produzieren.<\/p><p>\u00a0<\/p>\t\t\t\t\t\t\t\t<\/div>\n\t\t\t\t<\/div>\n\t\t\t\t\t<\/div>\n\t\t<\/div>\n\t\t\t\t<div class=\"elementor-column elementor-col-33 elementor-top-column elementor-element elementor-element-7e650f8\" data-id=\"7e650f8\" data-element_type=\"column\">\n\t\t\t<div class=\"elementor-widget-wrap elementor-element-populated\">\n\t\t\t\t\t\t<div class=\"elementor-element elementor-element-005dcb9 elementor-widget elementor-widget-text-editor\" data-id=\"005dcb9\" data-element_type=\"widget\" data-widget_type=\"text-editor.default\">\n\t\t\t\t<div class=\"elementor-widget-container\">\n\t\t\t\t\t\t\t\t\t<p class=\"translation-block\"><strong>Weltweite Organisation<\/strong><br>\nXECRO ist einer der f\u00fchrenden Anbieter induk\u00adtiver und kapazitiver Technologie und beliefert Kunden in Europa, Nord- und Lateinamerika, Asien, Afrika und dem Nahen Osten. Die Organisation arbeitet in \u00dcbereinstimmung mit den strengen Vorgaben der ISO 9001:2015.\nUnser Hauptsitz nahe Hannover repr\u00e4sentiert das Zentrum unseres Handelns. Finanzen und Vertrieb, Forschung und Entwicklung, Kundendienst und Versand befinden sich in einem modernen Geb\u00e4ude mit 2000 m\u00b2. Kunden profitieren von unserer synergetischen Organisation. XECRO stellt in Deutschland her und in enger Zusammenarbeit mit strategisch ausgew\u00e4hlten Produktionsst\u00e4tten innerhalb der Europ\u00e4ischen Union.<\/p><p>\u00a0<\/p>\t\t\t\t\t\t\t\t<\/div>\n\t\t\t\t<\/div>\n\t\t\t\t\t<\/div>\n\t\t<\/div>\n\t\t\t\t<div class=\"elementor-column elementor-col-33 elementor-top-column elementor-element elementor-element-8233b99\" data-id=\"8233b99\" data-element_type=\"column\">\n\t\t\t<div class=\"elementor-widget-wrap elementor-element-populated\">\n\t\t\t\t\t\t<div class=\"elementor-element elementor-element-fb6c526 elementor-widget elementor-widget-text-editor\" data-id=\"fb6c526\" data-element_type=\"widget\" data-widget_type=\"text-editor.default\">\n\t\t\t\t<div class=\"elementor-widget-container\">\n\t\t\t\t\t\t\t\t\t<p class=\"translation-block\"><strong>Engagierte Forschung und Entwicklung<\/strong><br>\nForschung und Entwicklung bilden den Schwerpunkt des Unternehmens. Auf Grund in Jahren gewonnener Erfahrungen bei der Implementierung individueller L\u00f6sungen sind wir in der Lage, unsere Produkte auf nahezu alle Anforderungen unserer Kunden anzupassen.\nWenn besondere Geh\u00e4use erforderlich sind, dann entwerfen wir diese in 3D. XECRO verf\u00fcgt \u00fcber Rapid Prototyping f\u00fcr jede Form und kann bereits im Vorfeld STEP-Dateien zur Verf\u00fcgung stellen, um eine sp\u00e4tere Integration sicherzustellen.<\/p><p class=\"translation-block\">Wir entwerfen, best\u00fccken und testen Leiterplatten, wickeln unsere Spulen und stellen unsere LED-Kollimatoren im eigenen Haus her.<br>Alle Produkte von XECRO werden mit der h\u00f6chsten Pr\u00e4zision hergestellt und anschlie\u00dfend vollst\u00e4ndig getestet. Die \u00dcbereinstimmung der Produkte mit EU- und EN-Standards dokumentiert die CE-Kennzeichnung auf den Produkten.<\/p>\t\t\t\t\t\t\t\t<\/div>\n\t\t\t\t<\/div>\n\t\t\t\t\t<\/div>\n\t\t<\/div>\n\t\t\t\t\t<\/div>\n\t\t<\/section>\n\t\t\t\t<section class=\"elementor-section elementor-top-section elementor-element elementor-element-e98b536 elementor-section-boxed elementor-section-height-default elementor-section-height-default\" data-id=\"e98b536\" data-element_type=\"section\">\n\t\t\t\t\t\t<div class=\"elementor-container elementor-column-gap-default\">\n\t\t\t\t\t<div class=\"elementor-column elementor-col-100 elementor-top-column elementor-element elementor-element-a18dd92\" data-id=\"a18dd92\" data-element_type=\"column\">\n\t\t\t<div class=\"elementor-widget-wrap elementor-element-populated\">\n\t\t\t\t\t\t<div class=\"elementor-element elementor-element-02a9613 elementor-align-justify elementor-widget elementor-widget-button\" data-id=\"02a9613\" data-element_type=\"widget\" data-widget_type=\"button.default\">\n\t\t\t\t<div class=\"elementor-widget-container\">\n\t\t\t\t\t\t\t\t\t<div class=\"elementor-button-wrapper\">\n\t\t\t\t\t<a class=\"elementor-button elementor-button-link elementor-size-sm\" href=\"https:\/\/xecro.com\/de\/product-development-process\/\">\n\t\t\t\t\t\t<span class=\"elementor-button-content-wrapper\">\n\t\t\t\t\t\t\t\t\t<span class=\"elementor-button-text\">Weitere Details zu  <b>\"Unser Produktentwicklungsprozess\"<\/b><\/span>\n\t\t\t\t\t<\/span>\n\t\t\t\t\t<\/a>\n\t\t\t\t<\/div>\n\t\t\t\t\t\t\t\t<\/div>\n\t\t\t\t<\/div>\n\t\t\t\t\t<\/div>\n\t\t<\/div>\n\t\t\t\t\t<\/div>\n\t\t<\/section>\n\t\t\t\t<\/div>","protected":false},"excerpt":{"rendered":"<p>Thank you for visiting us. Physically or virtually \u2013 you&#8217;re always welcome ! Inhouse Production We develop our products in Germany. We distribute them worldwide ! Think for technologyXECRO is an independent company with more than 25 years of experience in the sensor industry. XECRO develops, produces and sells industrial sensors and general industrial electronics [&hellip;]<\/p>\n","protected":false},"author":1,"featured_media":0,"parent":0,"menu_order":0,"comment_status":"closed","ping_status":"closed","template":"elementor_header_footer","meta":{"_acf_changed":false,"footnotes":""},"class_list":["post-105","page","type-page","status-publish","hentry"],"acf":[],"_links":{"self":[{"href":"https:\/\/xecro.com\/de\/wp-json\/wp\/v2\/pages\/105","targetHints":{"allow":["GET"]}}],"collection":[{"href":"https:\/\/xecro.com\/de\/wp-json\/wp\/v2\/pages"}],"about":[{"href":"https:\/\/xecro.com\/de\/wp-json\/wp\/v2\/types\/page"}],"author":[{"embeddable":true,"href":"https:\/\/xecro.com\/de\/wp-json\/wp\/v2\/users\/1"}],"replies":[{"embeddable":true,"href":"https:\/\/xecro.com\/de\/wp-json\/wp\/v2\/comments?post=105"}],"version-history":[{"count":6,"href":"https:\/\/xecro.com\/de\/wp-json\/wp\/v2\/pages\/105\/revisions"}],"predecessor-version":[{"id":282143,"href":"https:\/\/xecro.com\/de\/wp-json\/wp\/v2\/pages\/105\/revisions\/282143"}],"wp:attachment":[{"href":"https:\/\/xecro.com\/de\/wp-json\/wp\/v2\/media?parent=105"}],"curies":[{"name":"wp","href":"https:\/\/api.w.org\/{rel}","templated":true}]}}