{"id":117,"date":"2020-12-13T12:10:18","date_gmt":"2020-12-13T11:10:18","guid":{"rendered":"http:\/\/shop.xecro-developer.v220201227215135613.goodsrv.de\/?page_id=117"},"modified":"2025-07-28T20:54:55","modified_gmt":"2025-07-28T18:54:55","slug":"contact","status":"publish","type":"page","link":"https:\/\/xecro.com\/de\/contact\/","title":{"rendered":"Kontakt"},"content":{"rendered":"<div data-elementor-type=\"wp-page\" data-elementor-id=\"117\" class=\"elementor elementor-117\">\n\t\t\t\t\t\t<section class=\"elementor-section elementor-top-section elementor-element elementor-element-c8a2438 elementor-section-boxed elementor-section-height-default elementor-section-height-default\" data-id=\"c8a2438\" data-element_type=\"section\">\n\t\t\t\t\t\t<div class=\"elementor-container elementor-column-gap-default\">\n\t\t\t\t\t<div class=\"elementor-column elementor-col-100 elementor-top-column elementor-element elementor-element-477de65\" data-id=\"477de65\" data-element_type=\"column\">\n\t\t\t<div class=\"elementor-widget-wrap elementor-element-populated\">\n\t\t\t\t\t\t<div class=\"elementor-element elementor-element-d99a6b8 elementor-widget elementor-widget-text-editor\" data-id=\"d99a6b8\" data-element_type=\"widget\" data-widget_type=\"text-editor.default\">\n\t\t\t\t<div class=\"elementor-widget-container\">\n\t\t\t\t\t\t\t\t\t<h3>Get in Touch<strong><br \/><\/strong><\/h3>\t\t\t\t\t\t\t\t<\/div>\n\t\t\t\t<\/div>\n\t\t\t\t\t<\/div>\n\t\t<\/div>\n\t\t\t\t\t<\/div>\n\t\t<\/section>\n\t\t\t\t<section class=\"elementor-section elementor-top-section elementor-element elementor-element-a0733de elementor-section-boxed elementor-section-height-default elementor-section-height-default\" data-id=\"a0733de\" data-element_type=\"section\">\n\t\t\t\t\t\t<div class=\"elementor-container elementor-column-gap-default\">\n\t\t\t\t\t<div class=\"elementor-column elementor-col-50 elementor-top-column elementor-element elementor-element-4296f32\" data-id=\"4296f32\" data-element_type=\"column\" data-settings=\"{&quot;background_background&quot;:&quot;classic&quot;}\">\n\t\t\t<div class=\"elementor-widget-wrap\">\n\t\t\t\t\t\t\t<\/div>\n\t\t<\/div>\n\t\t\t\t<div class=\"elementor-column elementor-col-50 elementor-top-column elementor-element elementor-element-35187f2\" data-id=\"35187f2\" data-element_type=\"column\" data-settings=\"{&quot;background_background&quot;:&quot;classic&quot;}\">\n\t\t\t<div class=\"elementor-widget-wrap elementor-element-populated\">\n\t\t\t\t\t\t<div class=\"elementor-element elementor-element-31c514a elementor-view-default elementor-widget elementor-widget-icon\" data-id=\"31c514a\" data-element_type=\"widget\" data-widget_type=\"icon.default\">\n\t\t\t\t<div class=\"elementor-widget-container\">\n\t\t\t\t\t\t\t<div class=\"elementor-icon-wrapper\">\n\t\t\t<div class=\"elementor-icon\">\n\t\t\t<i aria-hidden=\"true\" class=\"fas fa-info\"><\/i>\t\t\t<\/div>\n\t\t<\/div>\n\t\t\t\t\t\t<\/div>\n\t\t\t\t<\/div>\n\t\t\t\t<div class=\"elementor-element elementor-element-0251725 elementor-widget elementor-widget-text-editor\" data-id=\"0251725\" data-element_type=\"widget\" data-widget_type=\"text-editor.default\">\n\t\t\t\t<div class=\"elementor-widget-container\">\n\t\t\t\t\t\t\t\t\t<p>Wir freuen uns \u00fcber Ihre Nachricht. Bitte geben Sie Ihre eMail-Adresse oder Telefonnummer an, je nachdem, wie Sie eine Antwort auf Ihre Nachricht erhalten m\u00f6chten.<\/p><p>Wir verpflichten uns, Ihre Privatsph\u00e4re zu respektieren und die an uns \u00fcbermittelten Daten vertraulich zu behandeln. In einigen F\u00e4llen kann es jedoch erforderlich sein, Ihre Kontaktinformationen an unseren lokalen H\u00e4ndler weiterzugeben, damit dieser Sie direkt kontaktieren kann.<\/p><p>Weitere Informationen finden Sie in unserer <a style=\"color: #cfe7fe;\" href=\"https:\/\/xecro.com\/de\/privacy-policy\/\">Datenschutzerkl\u00e4rung<\/a>.<\/p>\t\t\t\t\t\t\t\t<\/div>\n\t\t\t\t<\/div>\n\t\t\t\t<div class=\"elementor-element elementor-element-827bc3f elementor-widget elementor-widget-text-editor\" data-id=\"827bc3f\" data-element_type=\"widget\" data-widget_type=\"text-editor.default\">\n\t\t\t\t<div class=\"elementor-widget-container\">\n\t\t\t\t\t\t\t\t\t<p>XECRO GmbH<\/p>\n<p>Siemensstr. 31 <br>30827 Garbsen <br>Germany<\/p>\n<p>Fon +49.5131.97791-0 <br>Fax +49.5131.97791-99 <br>contact@xecro.com <br>Gesch\u00e4ftszeiten <br>09:00 \u2013 16:00 UTC-1\/CE<\/p>\t\t\t\t\t\t\t\t<\/div>\n\t\t\t\t<\/div>\n\t\t\t\t\t<\/div>\n\t\t<\/div>\n\t\t\t\t\t<\/div>\n\t\t<\/section>\n\t\t\t\t<section class=\"elementor-section elementor-top-section elementor-element elementor-element-eed8ec7 elementor-section-boxed elementor-section-height-default elementor-section-height-default\" data-id=\"eed8ec7\" data-element_type=\"section\">\n\t\t\t\t\t\t<div class=\"elementor-container elementor-column-gap-default\">\n\t\t\t\t\t<div class=\"elementor-column elementor-col-100 elementor-top-column elementor-element elementor-element-8e5a98b\" data-id=\"8e5a98b\" data-element_type=\"column\">\n\t\t\t<div class=\"elementor-widget-wrap elementor-element-populated\">\n\t\t\t\t\t\t<div class=\"elementor-element elementor-element-7825bff elementor-widget elementor-widget-heading\" data-id=\"7825bff\" data-element_type=\"widget\" data-widget_type=\"heading.default\">\n\t\t\t\t<div class=\"elementor-widget-container\">\n\t\t\t\t\t<h4 class=\"elementor-heading-title elementor-size-default\">Wo Sie uns finden<\/h4>\t\t\t\t<\/div>\n\t\t\t\t<\/div>\n\t\t\t\t\t<\/div>\n\t\t<\/div>\n\t\t\t\t\t<\/div>\n\t\t<\/section>\n\t\t\t\t<section class=\"elementor-section elementor-top-section elementor-element elementor-element-077fc7e elementor-section-boxed elementor-section-height-default elementor-section-height-default\" data-id=\"077fc7e\" data-element_type=\"section\">\n\t\t\t\t\t\t<div class=\"elementor-container elementor-column-gap-default\">\n\t\t\t\t\t<div class=\"elementor-column elementor-col-100 elementor-top-column elementor-element elementor-element-f085bba\" data-id=\"f085bba\" data-element_type=\"column\">\n\t\t\t<div class=\"elementor-widget-wrap elementor-element-populated\">\n\t\t\t\t\t\t<div class=\"elementor-element elementor-element-48762b23 elementor-widget elementor-widget-google_maps\" data-id=\"48762b23\" data-element_type=\"widget\" data-widget_type=\"google_maps.default\">\n\t\t\t\t<div class=\"elementor-widget-container\">\n\t\t\t\t\t\t\t<div class=\"elementor-custom-embed\">\n\t\t\t<iframe loading=\"lazy\"\n\t\t\t\t\tsrc=\"https:\/\/maps.google.com\/maps?q=Siemensstr.%2031%2C%2030827%20Garbsen&#038;t=m&#038;z=10&#038;output=embed&#038;iwloc=near\"\n\t\t\t\t\ttitle=\"Siemensstr. 31, 30827 Garbsen\"\n\t\t\t\t\taria-label=\"Siemensstr. 31, 30827 Garbsen\"\n\t\t\t><\/iframe>\n\t\t<\/div>\n\t\t\t\t\t\t<\/div>\n\t\t\t\t<\/div>\n\t\t\t\t\t<\/div>\n\t\t<\/div>\n\t\t\t\t\t<\/div>\n\t\t<\/section>\n\t\t\t\t<\/div>","protected":false},"excerpt":{"rendered":"<p>Get in Touch SEND MESSAGE Contacting us is highly appreciated. Please provide your email address or phone number depending on the way you want to receive a response to your message. We pledge to respect your privacy and to treat the data transmitted to us confidentially. However, in some cases, it may be necessary to [&hellip;]<\/p>\n","protected":false},"author":1,"featured_media":0,"parent":0,"menu_order":0,"comment_status":"closed","ping_status":"closed","template":"elementor_header_footer","meta":{"_acf_changed":false,"footnotes":""},"class_list":["post-117","page","type-page","status-publish","hentry"],"acf":[],"_links":{"self":[{"href":"https:\/\/xecro.com\/de\/wp-json\/wp\/v2\/pages\/117","targetHints":{"allow":["GET"]}}],"collection":[{"href":"https:\/\/xecro.com\/de\/wp-json\/wp\/v2\/pages"}],"about":[{"href":"https:\/\/xecro.com\/de\/wp-json\/wp\/v2\/types\/page"}],"author":[{"embeddable":true,"href":"https:\/\/xecro.com\/de\/wp-json\/wp\/v2\/users\/1"}],"replies":[{"embeddable":true,"href":"https:\/\/xecro.com\/de\/wp-json\/wp\/v2\/comments?post=117"}],"version-history":[{"count":6,"href":"https:\/\/xecro.com\/de\/wp-json\/wp\/v2\/pages\/117\/revisions"}],"predecessor-version":[{"id":282180,"href":"https:\/\/xecro.com\/de\/wp-json\/wp\/v2\/pages\/117\/revisions\/282180"}],"wp:attachment":[{"href":"https:\/\/xecro.com\/de\/wp-json\/wp\/v2\/media?parent=117"}],"curies":[{"name":"wp","href":"https:\/\/api.w.org\/{rel}","templated":true}]}}