{"id":26478,"date":"2021-01-02T12:09:07","date_gmt":"2021-01-02T11:09:07","guid":{"rendered":"http:\/\/www.xecro.com\/?page_id=26478"},"modified":"2025-07-28T13:14:27","modified_gmt":"2025-07-28T11:14:27","slug":"jobs","status":"publish","type":"page","link":"https:\/\/xecro.com\/de\/jobs\/","title":{"rendered":"Jobs"},"content":{"rendered":"<div data-elementor-type=\"wp-page\" data-elementor-id=\"26478\" class=\"elementor elementor-26478\">\n\t\t\t\t\t\t<section class=\"elementor-section elementor-top-section elementor-element elementor-element-86b5c8e elementor-section-boxed elementor-section-height-default elementor-section-height-default\" data-id=\"86b5c8e\" data-element_type=\"section\">\n\t\t\t\t\t\t<div class=\"elementor-container elementor-column-gap-default\">\n\t\t\t\t\t<div class=\"elementor-column elementor-col-100 elementor-top-column elementor-element elementor-element-47e9c11\" data-id=\"47e9c11\" data-element_type=\"column\">\n\t\t\t<div class=\"elementor-widget-wrap elementor-element-populated\">\n\t\t\t\t\t\t<div class=\"elementor-element elementor-element-398f4b7 elementor-widget elementor-widget-heading\" data-id=\"398f4b7\" data-element_type=\"widget\" data-widget_type=\"heading.default\">\n\t\t\t\t<div class=\"elementor-widget-container\">\n\t\t\t\t\t<h2 class=\"elementor-heading-title elementor-size-default\">Stellenangebote<\/h2>\t\t\t\t<\/div>\n\t\t\t\t<\/div>\n\t\t\t\t<div class=\"elementor-element elementor-element-b9922f9 elementor-alert-warning elementor-widget elementor-widget-alert\" data-id=\"b9922f9\" data-element_type=\"widget\" data-widget_type=\"alert.default\">\n\t\t\t\t<div class=\"elementor-widget-container\">\n\t\t\t\t\t<style>.elementor-element-b9922f9{display:none !important}<\/style>\t\t\t\t<\/div>\n\t\t\t\t<\/div>\n\t\t\t\t\t<\/div>\n\t\t<\/div>\n\t\t\t\t\t<\/div>\n\t\t<\/section>\n\t\t\t\t<section class=\"elementor-section elementor-top-section elementor-element elementor-element-8e51fab elementor-section-boxed elementor-section-height-default elementor-section-height-default\" data-id=\"8e51fab\" data-element_type=\"section\" data-no-translation=\"\">\n\t\t\t\t\t\t<div class=\"elementor-container elementor-column-gap-default\">\n\t\t\t\t\t<div class=\"elementor-column elementor-col-100 elementor-top-column elementor-element elementor-element-28bb443\" data-id=\"28bb443\" data-element_type=\"column\">\n\t\t\t<div class=\"elementor-widget-wrap elementor-element-populated\">\n\t\t\t\t\t\t<div class=\"elementor-element elementor-element-1ba0746 elementor-widget elementor-widget-text-editor\" data-id=\"1ba0746\" data-element_type=\"widget\" data-widget_type=\"text-editor.default\">\n\t\t\t\t<div class=\"elementor-widget-container\">\n\t\t\t\t\t\t\t\t\t<p><strong>Wir suchen zum n\u00e4chstm\u00f6glichen Zeitpunkt f\u00fcr unser Marketing | unsere Kundenbetreuung einen fachlich versierten Mitarbeiter, bzw. eine Mitarbeiterin und auch jede andere Geschlechterwahrnehmung.<\/strong><\/p>\n<p>Zu Ihren Aufgaben geh\u00f6rt die Gestaltung von Produktunterlagen, sowie die Pflege und gestalterische Weiterentwicklung unserer Website. Des Weiteren stehen Sie f\u00fcr unsere Kunden (B2B, ausschlie\u00dflich Inbound) im Bereich der Auftragsabwicklung telefonisch und via eMail zur Verf\u00fcgung.<\/p>\n<p>Idealerweise beherschen Sie prim\u00e4r die Programme Illustrator und CorelDraw.<br>Grundlegende Programmierkenntnisse f\u00fcr die Automatisierung wiederkehrender Aufgaben (Python, Javascript) sind von Vorteil.<br>Des Weiteren bringen Sie idealerweise viel Teamgeist und eine geh\u00f6rige Portion Multitaskingf\u00e4higkeit mit.<\/p>\n<p>Sie werden bei uns umfassend eingearbeitet. Dazu geh\u00f6rt jedoch auch die n\u00f6tige Eigeninitiative, sich Neues anzueignen und vor allem das Engagement, fortlaufend am Ball zu bleiben und sich neue L\u00f6sungen zu erarbeiten.<\/p>\n<p>Wenn wir jetzt Ihr Interesse geweckt haben, dann m\u00f6chten wir noch auf Folgendes hinweisen:<br>** Die Kommunikation mit unseren Kunden wird \u00fcberwiegend in Englisch gef\u00fchrt. Unabh\u00e4ngig von Ihrer gestalterischen Qualifikation, bitten wir von einer Bewerbung abzusehen, wenn Ihre Englischkenntnisse unzureichend sind.<\/p>\n<p>Art der Stelle: Vollzeit<br>Art der Anstellung: Unbefristet<br>Arbeitszeit: flexibel, 8 Stunden<br>Erforderliche Sprachkenntnisse: Deutsch und Englisch.<\/p>\n<p>Bitte senden Sie uns Ihre aussagef\u00e4higen Bewerbungsunterlagen inkl. Gehaltsvorstellungen und m\u00f6glichem Eintrittstermin per eMail zu.<\/p>\t\t\t\t\t\t\t\t<\/div>\n\t\t\t\t<\/div>\n\t\t\t\t\t<\/div>\n\t\t<\/div>\n\t\t\t\t\t<\/div>\n\t\t<\/section>\n\t\t\t\t<section class=\"elementor-section elementor-top-section elementor-element elementor-element-8b83c87 elementor-section-boxed elementor-section-height-default elementor-section-height-default\" data-id=\"8b83c87\" data-element_type=\"section\">\n\t\t\t\t\t\t<div class=\"elementor-container elementor-column-gap-default\">\n\t\t\t\t\t<div class=\"elementor-column elementor-col-100 elementor-top-column elementor-element elementor-element-0532973\" data-id=\"0532973\" data-element_type=\"column\">\n\t\t\t<div class=\"elementor-widget-wrap\">\n\t\t\t\t\t\t\t<\/div>\n\t\t<\/div>\n\t\t\t\t\t<\/div>\n\t\t<\/section>\n\t\t\t\t<\/div>","protected":false},"excerpt":{"rendered":"<p>Stellenangebote Please note: Job offers are only accessible in German Language. &times; Wir suchen zum n\u00e4chstm\u00f6glichen Zeitpunkt f\u00fcr unser Marketing | unsere Kundenbetreuung einen fachlich versierten Mitarbeiter, bzw. eine Mitarbeiterin und auch jede andere Geschlechterwahrnehmung. Zu Ihren Aufgaben geh\u00f6rt die Gestaltung von Produktunterlagen, sowie die Pflege und gestalterische Weiterentwicklung unserer Website. Des Weiteren stehen Sie [&hellip;]<\/p>\n","protected":false},"author":1,"featured_media":0,"parent":0,"menu_order":0,"comment_status":"closed","ping_status":"closed","template":"elementor_header_footer","meta":{"_acf_changed":false,"footnotes":""},"class_list":["post-26478","page","type-page","status-publish","hentry"],"acf":[],"_links":{"self":[{"href":"https:\/\/xecro.com\/de\/wp-json\/wp\/v2\/pages\/26478","targetHints":{"allow":["GET"]}}],"collection":[{"href":"https:\/\/xecro.com\/de\/wp-json\/wp\/v2\/pages"}],"about":[{"href":"https:\/\/xecro.com\/de\/wp-json\/wp\/v2\/types\/page"}],"author":[{"embeddable":true,"href":"https:\/\/xecro.com\/de\/wp-json\/wp\/v2\/users\/1"}],"replies":[{"embeddable":true,"href":"https:\/\/xecro.com\/de\/wp-json\/wp\/v2\/comments?post=26478"}],"version-history":[{"count":18,"href":"https:\/\/xecro.com\/de\/wp-json\/wp\/v2\/pages\/26478\/revisions"}],"predecessor-version":[{"id":282122,"href":"https:\/\/xecro.com\/de\/wp-json\/wp\/v2\/pages\/26478\/revisions\/282122"}],"wp:attachment":[{"href":"https:\/\/xecro.com\/de\/wp-json\/wp\/v2\/media?parent=26478"}],"curies":[{"name":"wp","href":"https:\/\/api.w.org\/{rel}","templated":true}]}}