{"id":3,"date":"2020-12-12T12:59:23","date_gmt":"2020-12-12T11:59:23","guid":{"rendered":"http:\/\/shop.xecro-developer.v220201227215135613.goodsrv.de\/?page_id=3"},"modified":"2022-06-09T08:24:26","modified_gmt":"2022-06-09T06:24:26","slug":"privacy-policy","status":"publish","type":"page","link":"https:\/\/xecro.com\/de\/privacy-policy\/","title":{"rendered":"Haftungsausschluss"},"content":{"rendered":"<div data-elementor-type=\"wp-page\" data-elementor-id=\"3\" class=\"elementor elementor-3\">\n\t\t\t\t\t\t<section class=\"elementor-section elementor-top-section elementor-element elementor-element-5283c01 elementor-section-boxed elementor-section-height-default elementor-section-height-default\" data-id=\"5283c01\" data-element_type=\"section\">\n\t\t\t\t\t\t<div class=\"elementor-container elementor-column-gap-default\">\n\t\t\t\t\t<div class=\"elementor-column elementor-col-100 elementor-top-column elementor-element elementor-element-e8a9590\" data-id=\"e8a9590\" data-element_type=\"column\">\n\t\t\t<div class=\"elementor-widget-wrap\">\n\t\t\t\t\t\t\t<\/div>\n\t\t<\/div>\n\t\t\t\t\t<\/div>\n\t\t<\/section>\n\t\t\t\t<section class=\"elementor-section elementor-top-section elementor-element elementor-element-fc39ae5 elementor-section-boxed elementor-section-height-default elementor-section-height-default\" data-id=\"fc39ae5\" data-element_type=\"section\">\n\t\t\t\t\t\t<div class=\"elementor-container elementor-column-gap-wide\">\n\t\t\t\t\t<div class=\"elementor-column elementor-col-50 elementor-top-column elementor-element elementor-element-4f6a09a\" data-id=\"4f6a09a\" data-element_type=\"column\">\n\t\t\t<div class=\"elementor-widget-wrap elementor-element-populated\">\n\t\t\t\t\t\t<div class=\"elementor-element elementor-element-b00c979 elementor-widget elementor-widget-heading\" data-id=\"b00c979\" data-element_type=\"widget\" data-widget_type=\"heading.default\">\n\t\t\t\t<div class=\"elementor-widget-container\">\n\t\t\t\t\t<h3 class=\"elementor-heading-title elementor-size-default\">Haftungsausschluss<\/h3>\t\t\t\t<\/div>\n\t\t\t\t<\/div>\n\t\t\t\t<div class=\"elementor-element elementor-element-527a94e elementor-widget elementor-widget-wp-widget-text\" data-id=\"527a94e\" data-element_type=\"widget\" data-widget_type=\"wp-widget-text.default\">\n\t\t\t\t<div class=\"elementor-widget-container\">\n\t\t\t\t\t<h5>Haftungsausschluss<\/h5>\t\t\t<div class=\"textwidget\"><div class=\"p\">\n<div class=\"p\">\n<p>Die XECRO GmbH, Deutschland, nachfolgend 'XECRO' genannt, \u00fcbernimmt f\u00fcr die auf der Website bereitgestellten Informationen keine Garantie, weder ausdr\u00fccklich noch stillschweigend.<\/p>\n<p>Die XECRO GmbH, Deutschland, \u00fcbernimmt keine Haftung f\u00fcr die Richtigkeit der Informationen und kann nicht f\u00fcr irgendwelche Anspr\u00fcche oder Verluste von Dritten haftbar gemacht werden.<\/p>\n<p>Jeder hat das Recht, die \u00fcber ihn gespeicherten Informationen und deren Verwendung offengelegt zu bekommen.<\/p>\n<p>Die XECRO GmbH, Deutschland, kann die Informationen auf dieser Website jederzeit ohne vorherige Ank\u00fcndigung \u00e4ndern und \u00fcbernimmt keine Verpflichtung, diese Informationen zu aktualisieren.<\/p>\n<\/div>\n<\/div>\n<\/div>\n\t\t\t\t\t\t<\/div>\n\t\t\t\t<\/div>\n\t\t\t\t<div class=\"elementor-element elementor-element-20409bc elementor-widget elementor-widget-wp-widget-text\" data-id=\"20409bc\" data-element_type=\"widget\" data-widget_type=\"wp-widget-text.default\">\n\t\t\t\t<div class=\"elementor-widget-container\">\n\t\t\t\t\t<h5>Links<\/h5>\t\t\t<div class=\"textwidget\"><div class=\"p\">XECRO ist f\u00fcr den Inhalt einer verlinkten Site oder eines Links, der auf einer verlinkten Site enthalten ist, nicht verantwortlich . Die bereitgestellten Hypertext-Links sind als Annehmlichkeit gedacht. Die Verwendung eines Links bedeutet nicht, dass der Inhalt der Seite, auf die verwiesen wird, unserer Meinung entspricht.<\/div>\n<\/div>\n\t\t\t\t\t\t<\/div>\n\t\t\t\t<\/div>\n\t\t\t\t<div class=\"elementor-element elementor-element-1d9f281 elementor-widget elementor-widget-wp-widget-text\" data-id=\"1d9f281\" data-element_type=\"widget\" data-widget_type=\"wp-widget-text.default\">\n\t\t\t\t<div class=\"elementor-widget-container\">\n\t\t\t\t\t<h5>Warenzeichen<\/h5>\t\t\t<div class=\"textwidget\"><div class=\"p\">Stellt der Besucher fest, dass Marken, Handelsnamen, Urheberrechte, Patente oder andere gewerbliche Schutzrechte von Dritten bestritten oder verletzt werden, hat er dies der XECRO GmbH unverz\u00fcglich mitzuteilen und XECRO GmbH zu unterst\u00fctzen, die notwendigen Schritte zur Wahrung seiner Rechte zu unternehmen.<\/div>\n<\/div>\n\t\t\t\t\t\t<\/div>\n\t\t\t\t<\/div>\n\t\t\t\t<div class=\"elementor-element elementor-element-2fbcb5b elementor-widget elementor-widget-wp-widget-text\" data-id=\"2fbcb5b\" data-element_type=\"widget\" data-widget_type=\"wp-widget-text.default\">\n\t\t\t\t<div class=\"elementor-widget-container\">\n\t\t\t\t\t<h5>Urheberrechte<\/h5>\t\t\t<div class=\"textwidget\"><div class=\"p\">Der Inhalt dieser Website ist urheberrechtlich gesch\u00fctzt. XECRO gew\u00e4hrt hiermit jedoch das Recht, Text, der im \u00f6ffentlichen Bereich dieser Website bereitgestellt wird, zu speichern und f\u00fcr den pers\u00f6nlichen Gebrauch zu reproduzieren. Aus urheberrechtlichen Gr\u00fcnden ist es nicht gestattet, Bilder und Diagramme zu reproduzieren, die auf dieser Website angezeigt werden.<\/div>\n<\/div>\n\t\t\t\t\t\t<\/div>\n\t\t\t\t<\/div>\n\t\t\t\t<div class=\"elementor-element elementor-element-c84fca0 elementor-widget elementor-widget-wp-widget-text\" data-id=\"c84fca0\" data-element_type=\"widget\" data-widget_type=\"wp-widget-text.default\">\n\t\t\t\t<div class=\"elementor-widget-container\">\n\t\t\t\t\t<h5>Redaktionell<\/h5>\t\t\t<div class=\"textwidget\"><div class=\"p\">\n<div class=\"p\">\n<p>F\u00fcr weitere Informationen zum Inhalt der Website wenden Sie sich bitte an:<\/p>\n<p>XECRO GmbH<\/p>\n<p>contact@xecro.com<\/p>\n<\/div>\n<\/div>\n<\/div>\n\t\t\t\t\t\t<\/div>\n\t\t\t\t<\/div>\n\t\t\t\t<div class=\"elementor-element elementor-element-e347896 elementor-widget elementor-widget-heading\" data-id=\"e347896\" data-element_type=\"widget\" data-widget_type=\"heading.default\">\n\t\t\t\t<div class=\"elementor-widget-container\">\n\t\t\t\t\t<h3 class=\"elementor-heading-title elementor-size-default\">Impressum<\/h3>\t\t\t\t<\/div>\n\t\t\t\t<\/div>\n\t\t\t\t<div class=\"elementor-element elementor-element-5de70c3 elementor-widget elementor-widget-menu-anchor\" data-id=\"5de70c3\" data-element_type=\"widget\" data-widget_type=\"menu-anchor.default\">\n\t\t\t\t<div class=\"elementor-widget-container\">\n\t\t\t\t\t\t\t<div class=\"elementor-menu-anchor\" id=\"IMPRINT\"><\/div>\n\t\t\t\t\t\t<\/div>\n\t\t\t\t<\/div>\n\t\t\t\t<div class=\"elementor-element elementor-element-f7ad8c6 elementor-widget elementor-widget-wp-widget-text\" data-id=\"f7ad8c6\" data-element_type=\"widget\" data-widget_type=\"wp-widget-text.default\">\n\t\t\t\t<div class=\"elementor-widget-container\">\n\t\t\t\t\t<h5>XECRO GmbH<\/h5>\t\t\t<div class=\"textwidget\"><div class=\"p\">\n<div class=\"p\">\n<p>Siemensstr. 31<br \/>\n30827 Garbsen<\/p>\n<p>Registergericht Hannover<br \/>\nHRB 206485<br \/>\nVertreten durch<br \/>\nKarolina Czerwinska<\/p>\n<p>DE273961712<\/p>\n<p>contact@xecro.com<br \/>\n0049 5131 97791-0<\/p>\n<\/div>\n<\/div>\n<\/div>\n\t\t\t\t\t\t<\/div>\n\t\t\t\t<\/div>\n\t\t\t\t\t<\/div>\n\t\t<\/div>\n\t\t\t\t<div class=\"elementor-column elementor-col-50 elementor-top-column elementor-element elementor-element-2d39231\" data-id=\"2d39231\" data-element_type=\"column\">\n\t\t\t<div class=\"elementor-widget-wrap elementor-element-populated\">\n\t\t\t\t\t\t<div class=\"elementor-element elementor-element-4e25e6d elementor-widget elementor-widget-heading\" data-id=\"4e25e6d\" data-element_type=\"widget\" data-widget_type=\"heading.default\">\n\t\t\t\t<div class=\"elementor-widget-container\">\n\t\t\t\t\t<h3 class=\"elementor-heading-title elementor-size-default\">Datenschutzerkl\u00e4rung<\/h3>\t\t\t\t<\/div>\n\t\t\t\t<\/div>\n\t\t\t\t<div class=\"elementor-element elementor-element-bed2edb elementor-widget elementor-widget-wp-widget-text\" data-id=\"bed2edb\" data-element_type=\"widget\" data-widget_type=\"wp-widget-text.default\">\n\t\t\t\t<div class=\"elementor-widget-container\">\n\t\t\t\t\t<h5>Datenschutzerkl\u00e4rung<\/h5>\t\t\t<div class=\"textwidget\"><p>XECRO GmbH, Deutschland, freut sich \u00fcber Ihren Besuch auf unserer Website und Ihr Interesse an unseren Produkten. Wir m\u00f6chten, dass Sie sich bei uns wohl f\u00fchlen. Indem Sie auf die Website zugreifen oder diese verwenden, stimmen Sie unseren Nutzungsbedingungen zu. Die XECRO GmbH folgt der EU-Datenschutzrichtlinie und ihren nationalen Gesetzen; Bitte beachten Sie die relevanten EU-Richtlinien.<\/p>\n<\/div>\n\t\t\t\t\t\t<\/div>\n\t\t\t\t<\/div>\n\t\t\t\t<div class=\"elementor-element elementor-element-38c31bc elementor-widget elementor-widget-wp-widget-text\" data-id=\"38c31bc\" data-element_type=\"widget\" data-widget_type=\"wp-widget-text.default\">\n\t\t\t\t<div class=\"elementor-widget-container\">\n\t\t\t\t\t<h5>Pers\u00f6nliche Daten<\/h5>\t\t\t<div class=\"textwidget\"><div class=\"p\">\n<p>Durch die Nutzung des Kontaktformulars oder durch das Senden einer Nachricht an eine der E-Mail-Adressen, die XECRO auf dieser Website zur Verf\u00fcgung stellt, k\u00f6nnen personenbezogene Daten \u00fcbertragen werden. Wir best\u00e4tigen hiermit, dass alle Daten vertraulich behandelt werden.<\/p>\n<p>Bitte beachten Sie, dass unsere lokalen Distributoren Teil des Service-Teams sind, das Ihre Anfrage bearbeitet. Das bedeutet, dass wir in einigen F\u00e4llen Ihre Kontaktdaten mit unserem lokalen H\u00e4ndler teilen k\u00f6nnen, um Sie direkt zu kontaktieren.<\/p>\n<\/div>\n<\/div>\n\t\t\t\t\t\t<\/div>\n\t\t\t\t<\/div>\n\t\t\t\t<div class=\"elementor-element elementor-element-97e1b8c elementor-widget elementor-widget-menu-anchor\" data-id=\"97e1b8c\" data-element_type=\"widget\" data-widget_type=\"menu-anchor.default\">\n\t\t\t\t<div class=\"elementor-widget-container\">\n\t\t\t\t\t\t\t<div class=\"elementor-menu-anchor\" id=\"Cookie_Usage\"><\/div>\n\t\t\t\t\t\t<\/div>\n\t\t\t\t<\/div>\n\t\t\t\t<div class=\"elementor-element elementor-element-72ed26e elementor-widget elementor-widget-heading\" data-id=\"72ed26e\" data-element_type=\"widget\" data-widget_type=\"heading.default\">\n\t\t\t\t<div class=\"elementor-widget-container\">\n\t\t\t\t\t<h3 class=\"elementor-heading-title elementor-size-default\">Verwendung von Cookies<\/h3>\t\t\t\t<\/div>\n\t\t\t\t<\/div>\n\t\t\t\t<div class=\"elementor-element elementor-element-6632ef9 elementor-widget elementor-widget-wp-widget-text\" data-id=\"6632ef9\" data-element_type=\"widget\" data-widget_type=\"wp-widget-text.default\">\n\t\t\t\t<div class=\"elementor-widget-container\">\n\t\t\t\t\t<h5>Warum Cookies<\/h5>\t\t\t<div class=\"textwidget\"><div class=\"p\">\n<div class=\"p\">Wir werden Cookies nicht l\u00e4nger speichern, als es f\u00fcr die Nutzung des Cookies notwendig ist. Die meisten der von uns verwendeten Cookies sind so genannte \u201eSession-Cookies\u201c. Dies bedeutet, dass diese Cookies gel\u00f6scht werden, sobald Sie Ihren Browser geschlossen haben. Einige Cookies k\u00f6nnen f\u00fcr einen l\u00e4ngeren Zeitraum gespeichert werden, zum Beispiel wenn Sie ausdr\u00fccklich darum bitten, dass wir uns Ihren Login-Benutzernamen, Ihre bevorzugten Spracheinstellungen oder andere Einstellungen merken.<\/div>\n<\/div>\n<\/div>\n\t\t\t\t\t\t<\/div>\n\t\t\t\t<\/div>\n\t\t\t\t<div class=\"elementor-element elementor-element-fd3cb47 elementor-widget elementor-widget-wp-widget-text\" data-id=\"fd3cb47\" data-element_type=\"widget\" data-widget_type=\"wp-widget-text.default\">\n\t\t\t\t<div class=\"elementor-widget-container\">\n\t\t\t\t\t<h5>Essentielle Cookies<\/h5>\t\t\t<div class=\"textwidget\"><div class=\"p\">\n<div class=\"p\">\n<div class=\"p\">\n<p>Wir verwenden diese Cookies, da sie f\u00fcr das Speichern von Einstellungen oder Einstellungen w\u00e4hrend Ihres Besuchs oder bis zu Ihrem n\u00e4chsten Besuch der Website unerl\u00e4sslich sind. Ohne diese Cookies k\u00f6nnte die Verwaltung dieser Website schwierig sein.<\/p>\n<p>Wenn diese Website eine Login-Funktion enth\u00e4lt, wird ein Authentifizierungs-Cookie auf Ihrem Computer platziert, um den Benutzer zu identifizieren, sobald er sich angemeldet hat.<\/p>\n<p>Wenn diese Website eingebettetes Video enth\u00e4lt, wird f\u00fcr einen Multimedia-Player eine Sitzung Cookie auf Ihrem Computer platziert. Dieser Cookie wird ben\u00f6tigt, um Video- oder Audioinhalte abzuspielen.<\/p>\n<\/div>\n<\/div>\n<\/div>\n<\/div>\n\t\t\t\t\t\t<\/div>\n\t\t\t\t<\/div>\n\t\t\t\t<div class=\"elementor-element elementor-element-170a9f7 elementor-widget elementor-widget-wp-widget-text\" data-id=\"170a9f7\" data-element_type=\"widget\" data-widget_type=\"wp-widget-text.default\">\n\t\t\t\t<div class=\"elementor-widget-container\">\n\t\t\t\t\t<h5>Statistische Cookies<\/h5>\t\t\t<div class=\"textwidget\"><div class=\"p\">\n<div class=\"p\">Diese Website verfolgt w\u00e4hrend Ihres Besuchs nicht, welche Seiten Sie besucht haben und wann Sie kommen und gehen. Wir respektieren Ihre Privatsph\u00e4re auch unter statistischen Aspekten!<\/div>\n<\/div>\n<\/div>\n\t\t\t\t\t\t<\/div>\n\t\t\t\t<\/div>\n\t\t\t\t<div class=\"elementor-element elementor-element-bb87d92 elementor-widget elementor-widget-wp-widget-text\" data-id=\"bb87d92\" data-element_type=\"widget\" data-widget_type=\"wp-widget-text.default\">\n\t\t\t\t<div class=\"elementor-widget-container\">\n\t\t\t\t\t<h5>Wie lange werden Cookies gespeichert ?<\/h5>\t\t\t<div class=\"textwidget\"><div class=\"p\">\n<div class=\"p\">Wir werden Cookies nicht l\u00e4nger speichern, als es f\u00fcr die Nutzung des Cookies notwendig ist. Die meisten der von uns verwendeten Cookies sind so genannte \u201eSession-Cookies\u201c. Dies bedeutet, dass diese Cookies gel\u00f6scht werden, sobald Sie Ihren Browser geschlossen haben. Einige Cookies k\u00f6nnen f\u00fcr einen l\u00e4ngeren Zeitraum gespeichert werden, zum Beispiel wenn Sie ausdr\u00fccklich darum bitten, dass wir uns Ihren Login-Benutzernamen, Ihre bevorzugten Spracheinstellungen oder andere Einstellungen merken.<\/div>\n<\/div>\n<\/div>\n\t\t\t\t\t\t<\/div>\n\t\t\t\t<\/div>\n\t\t\t\t<div class=\"elementor-element elementor-element-1603173 elementor-widget elementor-widget-wp-widget-text\" data-id=\"1603173\" data-element_type=\"widget\" data-widget_type=\"wp-widget-text.default\">\n\t\t\t\t<div class=\"elementor-widget-container\">\n\t\t\t\t\t<h5>Wie blockiere ich Cookies?<\/h5>\t\t\t<div class=\"textwidget\"><div class=\"p\">\n<div class=\"p\">Sie k\u00f6nnen Cookies \u00fcber die Einstellungen Ihres Webbrowsers blockieren. Weitere Informationen zum \u00c4ndern der Einstellungen finden Sie auf der Website des von Ihnen verwendeten Webbrowsers. Das Blockieren von Cookies auf dieser Website kann sich jedoch negativ auf die Nutzung dieser Website auswirken.<\/div>\n<\/div>\n<\/div>\n\t\t\t\t\t\t<\/div>\n\t\t\t\t<\/div>\n\t\t\t\t\t<\/div>\n\t\t<\/div>\n\t\t\t\t\t<\/div>\n\t\t<\/section>\n\t\t\t\t<\/div>","protected":false},"excerpt":{"rendered":"<p>Disclaimer Imprint Privacy Statement Cookie Usage<\/p>","protected":false},"author":1,"featured_media":0,"parent":0,"menu_order":0,"comment_status":"closed","ping_status":"open","template":"elementor_header_footer","meta":{"_acf_changed":false,"footnotes":""},"class_list":["post-3","page","type-page","status-publish","hentry"],"acf":[],"_links":{"self":[{"href":"https:\/\/xecro.com\/de\/wp-json\/wp\/v2\/pages\/3","targetHints":{"allow":["GET"]}}],"collection":[{"href":"https:\/\/xecro.com\/de\/wp-json\/wp\/v2\/pages"}],"about":[{"href":"https:\/\/xecro.com\/de\/wp-json\/wp\/v2\/types\/page"}],"author":[{"embeddable":true,"href":"https:\/\/xecro.com\/de\/wp-json\/wp\/v2\/users\/1"}],"replies":[{"embeddable":true,"href":"https:\/\/xecro.com\/de\/wp-json\/wp\/v2\/comments?post=3"}],"version-history":[{"count":0,"href":"https:\/\/xecro.com\/de\/wp-json\/wp\/v2\/pages\/3\/revisions"}],"wp:attachment":[{"href":"https:\/\/xecro.com\/de\/wp-json\/wp\/v2\/media?parent=3"}],"curies":[{"name":"wp","href":"https:\/\/api.w.org\/{rel}","templated":true}]}}