{"id":312,"date":"2020-12-17T13:44:43","date_gmt":"2020-12-17T12:44:43","guid":{"rendered":"http:\/\/shop.xecro-developer.v220201227215135613.goodsrv.de\/?page_id=312"},"modified":"2021-12-21T16:13:51","modified_gmt":"2021-12-21T15:13:51","slug":"electronic-buttons","status":"publish","type":"page","link":"https:\/\/xecro.com\/de\/electronic-buttons\/","title":{"rendered":"Elektronische Taster"},"content":{"rendered":"<div data-elementor-type=\"wp-page\" data-elementor-id=\"312\" class=\"elementor elementor-312\">\n\t\t\t\t\t\t<section class=\"elementor-section elementor-top-section elementor-element elementor-element-16dc69de elementor-section-boxed elementor-section-height-default elementor-section-height-default\" data-id=\"16dc69de\" data-element_type=\"section\">\n\t\t\t\t\t\t<div class=\"elementor-container elementor-column-gap-default\">\n\t\t\t\t\t<div class=\"elementor-column elementor-col-100 elementor-top-column elementor-element elementor-element-56839a5c\" data-id=\"56839a5c\" data-element_type=\"column\">\n\t\t\t<div class=\"elementor-widget-wrap\">\n\t\t\t\t\t\t\t<\/div>\n\t\t<\/div>\n\t\t\t\t\t<\/div>\n\t\t<\/section>\n\t\t\t\t<section class=\"elementor-section elementor-top-section elementor-element elementor-element-2ef3e889 elementor-section-boxed elementor-section-height-default elementor-section-height-default\" data-id=\"2ef3e889\" data-element_type=\"section\">\n\t\t\t\t\t\t<div class=\"elementor-container elementor-column-gap-default\">\n\t\t\t\t\t<div class=\"elementor-column elementor-col-50 elementor-top-column elementor-element elementor-element-200c80df\" data-id=\"200c80df\" data-element_type=\"column\">\n\t\t\t<div class=\"elementor-widget-wrap elementor-element-populated\">\n\t\t\t\t\t\t<div class=\"elementor-element elementor-element-353f873d elementor-widget elementor-widget-image\" data-id=\"353f873d\" data-element_type=\"widget\" data-widget_type=\"image.default\">\n\t\t\t\t<div class=\"elementor-widget-container\">\n\t\t\t\t\t\t\t\t\t\t\t\t\t\t\t<img fetchpriority=\"high\" decoding=\"async\" width=\"670\" height=\"332\" src=\"https:\/\/xecro.com\/wp-content\/uploads\/TS22-Website-ProductDetail.jpg\" class=\"attachment-large size-large wp-image-25863\" alt=\"\" srcset=\"https:\/\/xecro.com\/wp-content\/uploads\/TS22-Website-ProductDetail.jpg 670w, https:\/\/xecro.com\/wp-content\/uploads\/TS22-Website-ProductDetail-300x149.jpg 300w, https:\/\/xecro.com\/wp-content\/uploads\/TS22-Website-ProductDetail-600x297.jpg 600w, https:\/\/xecro.com\/wp-content\/uploads\/TS22-Website-ProductDetail-16x8.jpg 16w\" sizes=\"(max-width: 670px) 100vw, 670px\" \/>\t\t\t\t\t\t\t\t\t\t\t\t\t\t\t<\/div>\n\t\t\t\t<\/div>\n\t\t\t\t\t<\/div>\n\t\t<\/div>\n\t\t\t\t<div class=\"elementor-column elementor-col-50 elementor-top-column elementor-element elementor-element-74247381\" data-id=\"74247381\" data-element_type=\"column\">\n\t\t\t<div class=\"elementor-widget-wrap elementor-element-populated\">\n\t\t\t\t\t\t<div class=\"elementor-element elementor-element-528f8a2 elementor-widget elementor-widget-text-editor\" data-id=\"528f8a2\" data-element_type=\"widget\" data-widget_type=\"text-editor.default\">\n\t\t\t\t<div class=\"elementor-widget-container\">\n\t\t\t\t\t\t\t\t\t<p>Diese elektronischen Taster, Touch- und Druckaktiviert, kommen vollst\u00e4ndig ohne bewegliche Teile aus. Dies erm\u00f6glicht unbegrenzte Bet\u00e4tigungen nahezu ohne Verschlei\u00df.<\/p>\t\t\t\t\t\t\t\t<\/div>\n\t\t\t\t<\/div>\n\t\t\t\t<div class=\"elementor-element elementor-element-6ccf73ff elementor-widget elementor-widget-text-editor\" data-id=\"6ccf73ff\" data-element_type=\"widget\" data-widget_type=\"text-editor.default\">\n\t\t\t\t<div class=\"elementor-widget-container\">\n\t\t\t\t\t\t\t\t\t<ul><li>Passen in \u00d8 22.5 mm Standard-Montagebohrungen<\/li><li>Edelstahl Einfassung - Hygieneversion erh\u00e4ltlich<\/li><li>Keine bewegten Teile \u2013 kein Verschlei\u00df<\/li><li>100% Wasser- und \u00d6ldicht \u2013 IP69k<\/li><li>Sto\u00dffest \u2013 vollst\u00e4ndig vergossen<\/li><li>Helle optische, zweifarbige R\u00fcckmeldung<\/li><li>Auch mit Freigabeeingang erh\u00e4ltlich<\/li><li>Auch erh\u00e4ltlich mit zwei Eing\u00e4ngen zur individuellen Ansteuerung der LEDs<\/li><li class=\"translation-block\">Auch erh\u00e4ltlich mit <b>IO-Link\u00ae<\/b><\/li><\/ul>\t\t\t\t\t\t\t\t<\/div>\n\t\t\t\t<\/div>\n\t\t\t\t\t<\/div>\n\t\t<\/div>\n\t\t\t\t\t<\/div>\n\t\t<\/section>\n\t\t\t\t<section class=\"elementor-section elementor-top-section elementor-element elementor-element-e665f4a elementor-section-boxed elementor-section-height-default elementor-section-height-default\" data-id=\"e665f4a\" data-element_type=\"section\">\n\t\t\t\t\t\t<div class=\"elementor-container elementor-column-gap-default\">\n\t\t\t\t\t<div class=\"elementor-column elementor-col-100 elementor-top-column elementor-element elementor-element-20b9098\" data-id=\"20b9098\" data-element_type=\"column\">\n\t\t\t<div class=\"elementor-widget-wrap elementor-element-populated\">\n\t\t\t\t\t\t<div class=\"elementor-element elementor-element-a7b8a0e elementor-widget-divider--view-line elementor-widget elementor-widget-divider\" data-id=\"a7b8a0e\" data-element_type=\"widget\" data-widget_type=\"divider.default\">\n\t\t\t\t<div class=\"elementor-widget-container\">\n\t\t\t\t\t\t\t<div class=\"elementor-divider\">\n\t\t\t<span class=\"elementor-divider-separator\">\n\t\t\t\t\t\t<\/span>\n\t\t<\/div>\n\t\t\t\t\t\t<\/div>\n\t\t\t\t<\/div>\n\t\t\t\t\t<\/div>\n\t\t<\/div>\n\t\t\t\t\t<\/div>\n\t\t<\/section>\n\t\t\t\t<section class=\"elementor-section elementor-top-section elementor-element elementor-element-8eeb7dd elementor-section-boxed elementor-section-height-default elementor-section-height-default\" data-id=\"8eeb7dd\" data-element_type=\"section\">\n\t\t\t\t\t\t<div class=\"elementor-container elementor-column-gap-default\">\n\t\t\t\t\t<div class=\"elementor-column elementor-col-50 elementor-top-column elementor-element elementor-element-ec14b48\" data-id=\"ec14b48\" data-element_type=\"column\">\n\t\t\t<div class=\"elementor-widget-wrap elementor-element-populated\">\n\t\t\t\t\t\t<div class=\"elementor-element elementor-element-fb5919f elementor-widget elementor-widget-text-editor\" data-id=\"fb5919f\" data-element_type=\"widget\" data-widget_type=\"text-editor.default\">\n\t\t\t\t<div class=\"elementor-widget-container\">\n\t\t\t\t\t\t\t\t\t<h5>Auf Touch reagierend<\/h5><p>Touch-Taster von XECRO ermitteln das Vorhandensein einer leitf\u00e4higen Masse \u2013 wie beispielsweise einer menschlichen Hand oder eines Fingers, geerdetes Metall oder Fl\u00fcssigkeiten. Sobald eine Hand oder ein Finger die Oberfl\u00e4che ber\u00fchrt, erkennt der Taster das Vorhandensein und zeigt dieses Ereignis sofort an. Aufgrund der physikalischen drucklosen Ausf\u00fchrung sind diese Taster f\u00fcr einen erm\u00fcdungsfreien Betrieb pr\u00e4destiniert. Sie werden nicht von loser Kleidung oder Papierb\u00f6gen ausgel\u00f6st, wie es bei optischen Sensoren der Fall ist.<\/p>\t\t\t\t\t\t\t\t<\/div>\n\t\t\t\t<\/div>\n\t\t\t\t\t<\/div>\n\t\t<\/div>\n\t\t\t\t<div class=\"elementor-column elementor-col-50 elementor-top-column elementor-element elementor-element-281e22d\" data-id=\"281e22d\" data-element_type=\"column\">\n\t\t\t<div class=\"elementor-widget-wrap elementor-element-populated\">\n\t\t\t\t\t\t<div class=\"elementor-element elementor-element-a7620b4 elementor-widget elementor-widget-text-editor\" data-id=\"a7620b4\" data-element_type=\"widget\" data-widget_type=\"text-editor.default\">\n\t\t\t\t<div class=\"elementor-widget-container\">\n\t\t\t\t\t\t\t\t\t<div class=\"except\"><h5>Auf Druck reagierend<\/h5><p class=\"translation-block\">Als Erg\u00e4nzung der Touch-Taster wurden von XECRO elektronische druckempfindliche Taster entwickelt. Im Gegensatz zu den ber\u00fchrungsempfindlichen Tastern reagieren diese auf einen leichten Druck auf ihre beleuchtete Tastfl\u00e4che. Aufgrund der Druckempfindlichkeit, reagieren diese Tasten <i>nicht auf Wasser<\/i> oder andere leitf\u00e4hige Materialien und sind daher ideal f\u00fcr Installationen in der Lebensmittelindustrie, Waschstra\u00dfen oder \u00e4hnlichen Anwendungen.<\/p><\/div>\t\t\t\t\t\t\t\t<\/div>\n\t\t\t\t<\/div>\n\t\t\t\t\t<\/div>\n\t\t<\/div>\n\t\t\t\t\t<\/div>\n\t\t<\/section>\n\t\t\t\t<section class=\"elementor-section elementor-top-section elementor-element elementor-element-5871020 elementor-section-boxed elementor-section-height-default elementor-section-height-default\" data-id=\"5871020\" data-element_type=\"section\">\n\t\t\t\t\t\t<div class=\"elementor-container elementor-column-gap-default\">\n\t\t\t\t\t<div class=\"elementor-column elementor-col-50 elementor-top-column elementor-element elementor-element-cd69234\" data-id=\"cd69234\" data-element_type=\"column\">\n\t\t\t<div class=\"elementor-widget-wrap elementor-element-populated\">\n\t\t\t\t\t\t<div class=\"elementor-element elementor-element-1fdc44e elementor-widget elementor-widget-text-editor\" data-id=\"1fdc44e\" data-element_type=\"widget\" data-widget_type=\"text-editor.default\">\n\t\t\t\t<div class=\"elementor-widget-container\">\n\t\t\t\t\t\t\t\t\t<h5>Pictograms<\/h5><p>Jeder Taster hat eines von \u00fcber 30 aussagekr\u00e4ftigen Piktogrammen. Kundenspezifische Piktogramme sind auf Anfrage m\u00f6glich.<\/p>\t\t\t\t\t\t\t\t<\/div>\n\t\t\t\t<\/div>\n\t\t\t\t\t<\/div>\n\t\t<\/div>\n\t\t\t\t<div class=\"elementor-column elementor-col-50 elementor-top-column elementor-element elementor-element-215b135\" data-id=\"215b135\" data-element_type=\"column\">\n\t\t\t<div class=\"elementor-widget-wrap elementor-element-populated\">\n\t\t\t\t\t\t<div class=\"elementor-element elementor-element-77905cb elementor-align-right elementor-widget elementor-widget-button\" data-id=\"77905cb\" data-element_type=\"widget\" data-widget_type=\"button.default\">\n\t\t\t\t<div class=\"elementor-widget-container\">\n\t\t\t\t\t\t\t\t\t<div class=\"elementor-button-wrapper\">\n\t\t\t\t\t<a class=\"elementor-button elementor-button-link elementor-size-sm\" href=\"#\">\n\t\t\t\t\t\t<span class=\"elementor-button-content-wrapper\">\n\t\t\t\t\t\t\t\t\t<span class=\"elementor-button-text\">Zeige Piktogramme<\/span>\n\t\t\t\t\t<\/span>\n\t\t\t\t\t<\/a>\n\t\t\t\t<\/div>\n\t\t\t\t\t\t\t\t<\/div>\n\t\t\t\t<\/div>\n\t\t\t\t\t<\/div>\n\t\t<\/div>\n\t\t\t\t\t<\/div>\n\t\t<\/section>\n\t\t\t\t<section class=\"elementor-section elementor-top-section elementor-element elementor-element-a3992c6 elementor-section-boxed elementor-section-height-default elementor-section-height-default\" data-id=\"a3992c6\" data-element_type=\"section\">\n\t\t\t\t\t\t<div class=\"elementor-container elementor-column-gap-default\">\n\t\t\t\t\t<div class=\"elementor-column elementor-col-100 elementor-top-column elementor-element elementor-element-e99685e\" data-id=\"e99685e\" data-element_type=\"column\">\n\t\t\t<div class=\"elementor-widget-wrap elementor-element-populated\">\n\t\t\t\t\t\t<div class=\"elementor-element elementor-element-42043a3 elementor-widget elementor-widget-text-editor\" data-id=\"42043a3\" data-element_type=\"widget\" data-widget_type=\"text-editor.default\">\n\t\t\t\t<div class=\"elementor-widget-container\">\n\t\t\t\t\t\t\t\t\t<h5>Operating Modes<\/h5><p>Alle Taster, ob Touch- oder Druckaktiviert, kann mit einem von f\u00fcnf Betriebsmodi geliefert werden:<\/p><p><strong>Dynamischer Betrieb<\/strong><\/p><p style=\"padding-left: 40px;\">Taster mit dynamischer Ausl\u00f6sung werden verwendet, wenn zum Starten eines Prozesses ein pr\u00e4ziser Einzelimpuls erforderlich ist. Die dynamische Schaltung stellt sicher, dass der Impuls lange genug erzeugt wird, um von der Maschine erkannt zu werden, jedoch nicht l\u00e4nger als erforderlich.<\/p><p><strong>Statischer Betrieb<\/strong><\/p><p style=\"padding-left: 40px;\">Taster mit statischer Bedienung aktivieren den Ausgang solange der Anwender den Taster ber\u00fchrt oder dr\u00fcckt. Sie verhalten sich wie einfache mechanische Drucktaster.<\/p><p><strong>Wechsel | Rastend<\/strong><\/p><p style=\"padding-left: 40px;\">Taster mit Rastfunktion \u00e4ndern ihren Ausgangsstatus mit jeder Ausl\u00f6sung. Der Ausgangsstatus bleibt bis zur n\u00e4chsten Ausl\u00f6sung aktiv.<\/p><p><strong>Combo Betrieb<\/strong><\/p><p style=\"padding-left: 40px;\">Taster mit Combo-Schaltung verhalten sich wi statische Taster, ber denen der Ausgang aktive ist, solange den Taster ber\u00fchrt oder dr\u00fcckt. Eine schnelle Doppelaktivierung verriegelt die Taste in einem permanenten Ein-Modus, von wo aus sie durch eine zus\u00e4tzliche Aktivierung freigegeben werden kann.<\/p><p><strong>IO-Link\u00ae<\/strong><\/p><p style=\"padding-left: 40px;\">IO-Link\u00ae gives the PLC access to all four operating modes listed above. Furthermore, access to all colors, including self-generated blink-patterns with variable pulse pause ratios is granted.<\/p><p>Note: All electronic buttons always power-up in safe (off) condition.<\/p>\t\t\t\t\t\t\t\t<\/div>\n\t\t\t\t<\/div>\n\t\t\t\t\t<\/div>\n\t\t<\/div>\n\t\t\t\t\t<\/div>\n\t\t<\/section>\n\t\t\t\t<section class=\"elementor-section elementor-top-section elementor-element elementor-element-3be04580 elementor-section-boxed elementor-section-height-default elementor-section-height-default\" data-id=\"3be04580\" data-element_type=\"section\">\n\t\t\t\t\t\t<div class=\"elementor-container elementor-column-gap-default\">\n\t\t\t\t\t<div class=\"elementor-column elementor-col-100 elementor-top-column elementor-element elementor-element-bd0523c\" data-id=\"bd0523c\" data-element_type=\"column\">\n\t\t\t<div class=\"elementor-widget-wrap elementor-element-populated\">\n\t\t\t\t\t\t<div class=\"elementor-element elementor-element-d13cdcc elementor-alert-info elementor-widget elementor-widget-alert\" data-id=\"d13cdcc\" data-element_type=\"widget\" data-widget_type=\"alert.default\">\n\t\t\t\t<div class=\"elementor-widget-container\">\n\t\t\t\t\t\t\t<div class=\"elementor-alert\" role=\"alert\">\n\n\t\t\t\t\t\t<span class=\"elementor-alert-title\">Anmerkung<\/span>\n\t\t\t\n\t\t\t\t\t\t<span class=\"elementor-alert-description\"><b>Touch<\/b>-Taster reagieren auch auf Wasser auf der Tastfl\u00e4che. Dies muss bei der Auswahl der Taster ber\u00fccksichtigt werden. <b>Drucktaster sind absolut unempfindlich gegen\u00fcber Wasser.<\/b><\/span>\n\t\t\t\n\t\t\t\t\t\t<button type=\"button\" class=\"elementor-alert-dismiss\" aria-label=\"Hinweis ausblenden.\" data-no-translation-aria-label=\"\">\n\t\t\t\t\t\t\t\t\t<span aria-hidden=\"true\">&times;<\/span>\n\t\t\t\t\t\t\t<\/button>\n\t\t\t\n\t\t<\/div>\n\t\t\t\t\t\t<\/div>\n\t\t\t\t<\/div>\n\t\t\t\t\t<\/div>\n\t\t<\/div>\n\t\t\t\t\t<\/div>\n\t\t<\/section>\n\t\t\t\t<section class=\"elementor-section elementor-top-section elementor-element elementor-element-38c79e7 elementor-section-boxed elementor-section-height-default elementor-section-height-default\" data-id=\"38c79e7\" data-element_type=\"section\">\n\t\t\t\t\t\t<div class=\"elementor-container elementor-column-gap-default\">\n\t\t\t\t\t<div class=\"elementor-column elementor-col-100 elementor-top-column elementor-element elementor-element-778d5297\" data-id=\"778d5297\" data-element_type=\"column\">\n\t\t\t<div class=\"elementor-widget-wrap\">\n\t\t\t\t\t\t\t<\/div>\n\t\t<\/div>\n\t\t\t\t\t<\/div>\n\t\t<\/section>\n\t\t\t\t<\/div>","protected":false},"excerpt":{"rendered":"<p>Multiple Colored LED Indicators | with IO-Link\u00ae These electronic buttons, Touch and Push activated, are completely solid-state with no moving parts, which allows unlimited operations with no wear. Fits into \u2300 22.5 mm mounting standard holes Stainless bezels \u2013 food-grade hygienic version available No moving parts \u2014 no wear 100% water tight and oil tight [&hellip;]<\/p>","protected":false},"author":1,"featured_media":0,"parent":0,"menu_order":0,"comment_status":"closed","ping_status":"closed","template":"elementor_header_footer","meta":{"_acf_changed":false,"footnotes":""},"class_list":["post-312","page","type-page","status-publish","hentry"],"acf":[],"_links":{"self":[{"href":"https:\/\/xecro.com\/de\/wp-json\/wp\/v2\/pages\/312","targetHints":{"allow":["GET"]}}],"collection":[{"href":"https:\/\/xecro.com\/de\/wp-json\/wp\/v2\/pages"}],"about":[{"href":"https:\/\/xecro.com\/de\/wp-json\/wp\/v2\/types\/page"}],"author":[{"embeddable":true,"href":"https:\/\/xecro.com\/de\/wp-json\/wp\/v2\/users\/1"}],"replies":[{"embeddable":true,"href":"https:\/\/xecro.com\/de\/wp-json\/wp\/v2\/comments?post=312"}],"version-history":[{"count":0,"href":"https:\/\/xecro.com\/de\/wp-json\/wp\/v2\/pages\/312\/revisions"}],"wp:attachment":[{"href":"https:\/\/xecro.com\/de\/wp-json\/wp\/v2\/media?parent=312"}],"curies":[{"name":"wp","href":"https:\/\/api.w.org\/{rel}","templated":true}]}}