{"id":37843,"date":"2021-01-17T15:35:42","date_gmt":"2021-01-17T14:35:42","guid":{"rendered":"https:\/\/www.xecro.com\/?page_id=37843"},"modified":"2022-03-30T09:11:39","modified_gmt":"2022-03-30T07:11:39","slug":"led-beacons","status":"publish","type":"page","link":"https:\/\/xecro.com\/de\/led-beacons\/","title":{"rendered":"LED Signal-Dome"},"content":{"rendered":"<div data-elementor-type=\"wp-page\" data-elementor-id=\"37843\" class=\"elementor elementor-37843\">\n\t\t\t\t\t\t<section class=\"elementor-section elementor-top-section elementor-element elementor-element-42ffa4f9 elementor-section-boxed elementor-section-height-default elementor-section-height-default\" data-id=\"42ffa4f9\" data-element_type=\"section\">\n\t\t\t\t\t\t<div class=\"elementor-container elementor-column-gap-default\">\n\t\t\t\t\t<div class=\"elementor-column elementor-col-100 elementor-top-column elementor-element elementor-element-40c4c947\" data-id=\"40c4c947\" data-element_type=\"column\">\n\t\t\t<div class=\"elementor-widget-wrap elementor-element-populated\">\n\t\t\t\t\t\t<div class=\"elementor-element elementor-element-0416409 elementor-widget elementor-widget-text-editor\" data-id=\"0416409\" data-element_type=\"widget\" data-widget_type=\"text-editor.default\">\n\t\t\t\t<div class=\"elementor-widget-container\">\n\t\t\t\t\t\t\t\t\t<h3>Signalling | <strong><span style=\"color: #055a8c;\">LED Signal-Dome<\/span><br \/><\/strong><\/h3>\t\t\t\t\t\t\t\t<\/div>\n\t\t\t\t<\/div>\n\t\t\t\t\t<\/div>\n\t\t<\/div>\n\t\t\t\t\t<\/div>\n\t\t<\/section>\n\t\t\t\t<section class=\"elementor-section elementor-top-section elementor-element elementor-element-43b0df41 elementor-section-boxed elementor-section-height-default elementor-section-height-default\" data-id=\"43b0df41\" data-element_type=\"section\">\n\t\t\t\t\t\t<div class=\"elementor-container elementor-column-gap-default\">\n\t\t\t\t\t<div class=\"elementor-column elementor-col-50 elementor-top-column elementor-element elementor-element-71f37e2\" data-id=\"71f37e2\" data-element_type=\"column\">\n\t\t\t<div class=\"elementor-widget-wrap elementor-element-populated\">\n\t\t\t\t\t\t<div class=\"elementor-element elementor-element-484595aa elementor-widget elementor-widget-image\" data-id=\"484595aa\" data-element_type=\"widget\" data-widget_type=\"image.default\">\n\t\t\t\t<div class=\"elementor-widget-container\">\n\t\t\t\t\t\t\t\t\t\t\t\t\t\t\t<img fetchpriority=\"high\" decoding=\"async\" width=\"550\" height=\"313\" src=\"https:\/\/xecro.com\/wp-content\/uploads\/SD60-Website-ProductDetail-1.jpg\" class=\"attachment-large size-large wp-image-37873\" alt=\"\" srcset=\"https:\/\/xecro.com\/wp-content\/uploads\/SD60-Website-ProductDetail-1.jpg 550w, https:\/\/xecro.com\/wp-content\/uploads\/SD60-Website-ProductDetail-1-300x171.jpg 300w, https:\/\/xecro.com\/wp-content\/uploads\/SD60-Website-ProductDetail-1-16x9.jpg 16w\" sizes=\"(max-width: 550px) 100vw, 550px\" \/>\t\t\t\t\t\t\t\t\t\t\t\t\t\t\t<\/div>\n\t\t\t\t<\/div>\n\t\t\t\t\t<\/div>\n\t\t<\/div>\n\t\t\t\t<div class=\"elementor-column elementor-col-50 elementor-top-column elementor-element elementor-element-539dcc07\" data-id=\"539dcc07\" data-element_type=\"column\">\n\t\t\t<div class=\"elementor-widget-wrap elementor-element-populated\">\n\t\t\t\t\t\t<div class=\"elementor-element elementor-element-70f96611 elementor-widget elementor-widget-text-editor\" data-id=\"70f96611\" data-element_type=\"widget\" data-widget_type=\"text-editor.default\">\n\t\t\t\t<div class=\"elementor-widget-container\">\n\t\t\t\t\t\t\t\t\t<p>Robuste LED-Anzeige mit Metallgeh\u00e4use und einer Abdeckung aus Polycarbonat.<\/p><ul><li>Passt in Standard \u00d8 22.5 mm Ausschnitte<\/li><li>Bis zu 7 Farben, Blinkmuster und Signalt\u00f6ne<\/li><li>Homogene, helle Ausleuchtung<\/li><li>Metallgeh\u00e4use und bruchsicheres Polycarbonat<\/li><li>Keine Programmierung oder Konfiguration durch die SPS erforderlich<\/li><li>Lebensmittelechte, hygienische Ausf\u00fchrung erh\u00e4ltlich<\/li><li>Ausf\u00fchrungen mit Synchronisation erh\u00e4ltlich<\/li><li>\u00dcnterst\u00fctzt auch Steuerungen durch 5 V oder 3.3 V Low-Current Eing\u00e4nge<\/li><\/ul>\t\t\t\t\t\t\t\t<\/div>\n\t\t\t\t<\/div>\n\t\t\t\t\t<\/div>\n\t\t<\/div>\n\t\t\t\t\t<\/div>\n\t\t<\/section>\n\t\t\t\t<section class=\"elementor-section elementor-top-section elementor-element elementor-element-5b8222e8 elementor-section-boxed elementor-section-height-default elementor-section-height-default\" data-id=\"5b8222e8\" data-element_type=\"section\">\n\t\t\t\t\t\t<div class=\"elementor-container elementor-column-gap-default\">\n\t\t\t\t\t<div class=\"elementor-column elementor-col-100 elementor-top-column elementor-element elementor-element-350a1d15\" data-id=\"350a1d15\" data-element_type=\"column\">\n\t\t\t<div class=\"elementor-widget-wrap elementor-element-populated\">\n\t\t\t\t\t\t<div class=\"elementor-element elementor-element-b5635f0 elementor-widget-divider--view-line elementor-widget elementor-widget-divider\" data-id=\"b5635f0\" data-element_type=\"widget\" data-widget_type=\"divider.default\">\n\t\t\t\t<div class=\"elementor-widget-container\">\n\t\t\t\t\t\t\t<div class=\"elementor-divider\">\n\t\t\t<span class=\"elementor-divider-separator\">\n\t\t\t\t\t\t<\/span>\n\t\t<\/div>\n\t\t\t\t\t\t<\/div>\n\t\t\t\t<\/div>\n\t\t\t\t\t<\/div>\n\t\t<\/div>\n\t\t\t\t\t<\/div>\n\t\t<\/section>\n\t\t\t\t<section class=\"elementor-section elementor-top-section elementor-element elementor-element-1a67e950 elementor-section-boxed elementor-section-height-default elementor-section-height-default\" data-id=\"1a67e950\" data-element_type=\"section\">\n\t\t\t\t\t\t<div class=\"elementor-container elementor-column-gap-default\">\n\t\t\t\t\t<div class=\"elementor-column elementor-col-50 elementor-top-column elementor-element elementor-element-afdf101\" data-id=\"afdf101\" data-element_type=\"column\">\n\t\t\t<div class=\"elementor-widget-wrap elementor-element-populated\">\n\t\t\t\t\t\t<div class=\"elementor-element elementor-element-6f9eb87 elementor-widget elementor-widget-text-editor\" data-id=\"6f9eb87\" data-element_type=\"widget\" data-widget_type=\"text-editor.default\">\n\t\t\t\t<div class=\"elementor-widget-container\">\n\t\t\t\t\t\t\t\t\t<div>\n<p><strong>Hygienische Ausf\u00fchrung<\/strong><br>Diese Einheiten bestehen aus einem massiven St\u00fcck Edelstahl 1.4404 in Lebensmittelqualit\u00e4t<\/p>\n<p><strong>Synchronisierung<\/strong><br>Die Verwendung mehrerer Anzeigen, zur Erh\u00f6hung der Sichtbarkeit, kann zu einem inhomogenen Blink-Szenario f\u00fchren. Ger\u00e4te mit einem Synchronisationseingang zeigen eine perfekte, gleichm\u00e4\u00dfige Signalisierung an autonomen Fahrzeugen, gro\u00dfen Maschineninstallationen oder entlang von Schutzz\u00e4unen. Die Synchronisation erfolgt durch einfaches Verbinden aller Sync-Pins (4, BK). Es ist kein externer Synchronisationsimpuls erforderlich.<\/p>\n<\/div>\t\t\t\t\t\t\t\t<\/div>\n\t\t\t\t<\/div>\n\t\t\t\t\t<\/div>\n\t\t<\/div>\n\t\t\t\t<div class=\"elementor-column elementor-col-50 elementor-top-column elementor-element elementor-element-5756b842\" data-id=\"5756b842\" data-element_type=\"column\">\n\t\t\t<div class=\"elementor-widget-wrap elementor-element-populated\">\n\t\t\t\t\t\t<div class=\"elementor-element elementor-element-69a805b1 elementor-widget elementor-widget-text-editor\" data-id=\"69a805b1\" data-element_type=\"widget\" data-widget_type=\"text-editor.default\">\n\t\t\t\t<div class=\"elementor-widget-container\">\n\t\t\t\t\t\t\t\t\t<p><strong>Low-Current Eing\u00e4nge<br \/><\/strong>In der Regel werden diese Anzeigen durch die Stuereing\u00e4nge versorgt. Ein Ger\u00e4t mit Leistungseing\u00e4ngen wird von dem Eingang versorgt, der zur Adressierung der Farbe und des Blinkmusters verwendet wird. Daher muss der Steuerausgang der SPS in der Lage sein, den vollen Betriebsstrom bereitzustellen.<br \/>Ein Modell mit Low-Current-Eing\u00e4ngen wird permanent \u00fcber Pin 1 (BR) versorgt. Die verbleibenden 3V-toleranten Eing\u00e4nge werden verwendet, um eines von drei Farb- und Blinkmustern auszuw\u00e4hlen. Dies erm\u00f6glicht die Ansteuerung dieser Anzeigen \u00fcber eine selbst entwickelte Elektronik mit 3,3- oder 5-V-Ausg\u00e4ngen.<\/p>\t\t\t\t\t\t\t\t<\/div>\n\t\t\t\t<\/div>\n\t\t\t\t\t<\/div>\n\t\t<\/div>\n\t\t\t\t\t<\/div>\n\t\t<\/section>\n\t\t\t\t<\/div>","protected":false},"excerpt":{"rendered":"<p>Signalling | LED Beacons Robust LED Beacon with metal housing and top cover made from polycarbonate. Fits into \u230022.5 mm mounting standard Up to 7 colors, blink patterns and sounds Homogeneous bright illumination Metal housings and break-proof polycarbonate No programming or configuring by PLCs required Food-grade hygienic version available Versions with synchronization available Supports also [&hellip;]<\/p>\n","protected":false},"author":1,"featured_media":0,"parent":0,"menu_order":0,"comment_status":"closed","ping_status":"closed","template":"elementor_header_footer","meta":{"_acf_changed":false,"footnotes":""},"class_list":["post-37843","page","type-page","status-publish","hentry"],"acf":[],"_links":{"self":[{"href":"https:\/\/xecro.com\/de\/wp-json\/wp\/v2\/pages\/37843","targetHints":{"allow":["GET"]}}],"collection":[{"href":"https:\/\/xecro.com\/de\/wp-json\/wp\/v2\/pages"}],"about":[{"href":"https:\/\/xecro.com\/de\/wp-json\/wp\/v2\/types\/page"}],"author":[{"embeddable":true,"href":"https:\/\/xecro.com\/de\/wp-json\/wp\/v2\/users\/1"}],"replies":[{"embeddable":true,"href":"https:\/\/xecro.com\/de\/wp-json\/wp\/v2\/comments?post=37843"}],"version-history":[{"count":0,"href":"https:\/\/xecro.com\/de\/wp-json\/wp\/v2\/pages\/37843\/revisions"}],"wp:attachment":[{"href":"https:\/\/xecro.com\/de\/wp-json\/wp\/v2\/media?parent=37843"}],"curies":[{"name":"wp","href":"https:\/\/api.w.org\/{rel}","templated":true}]}}