{"id":37859,"date":"2021-01-17T15:40:04","date_gmt":"2021-01-17T14:40:04","guid":{"rendered":"https:\/\/www.xecro.com\/?page_id=37859"},"modified":"2022-03-30T09:11:18","modified_gmt":"2022-03-30T07:11:18","slug":"crossed-beams-area-sensors","status":"publish","type":"page","link":"https:\/\/xecro.com\/de\/crossed-beams-area-sensors\/","title":{"rendered":"Crossed Beams Area Sensors (Light Curtains)"},"content":{"rendered":"<div data-elementor-type=\"wp-page\" data-elementor-id=\"37859\" class=\"elementor elementor-37859\">\n\t\t\t\t\t\t<section class=\"elementor-section elementor-top-section elementor-element elementor-element-1c5d8e07 elementor-section-boxed elementor-section-height-default elementor-section-height-default\" data-id=\"1c5d8e07\" data-element_type=\"section\">\n\t\t\t\t\t\t<div class=\"elementor-container elementor-column-gap-default\">\n\t\t\t\t\t<div class=\"elementor-column elementor-col-100 elementor-top-column elementor-element elementor-element-21ad82f6\" data-id=\"21ad82f6\" data-element_type=\"column\">\n\t\t\t<div class=\"elementor-widget-wrap elementor-element-populated\">\n\t\t\t\t\t\t<div class=\"elementor-element elementor-element-e2b3ddd elementor-widget elementor-widget-text-editor\" data-id=\"e2b3ddd\" data-element_type=\"widget\" data-widget_type=\"text-editor.default\">\n\t\t\t\t<div class=\"elementor-widget-container\">\n\t\t\t\t\t\t\t\t\t<h3>Photoelectric Sensors | <strong><span style=\"color: #055a8c;\">Crossed beam Area Sensors<\/span><br \/><\/strong><\/h3>\t\t\t\t\t\t\t\t<\/div>\n\t\t\t\t<\/div>\n\t\t\t\t\t<\/div>\n\t\t<\/div>\n\t\t\t\t\t<\/div>\n\t\t<\/section>\n\t\t\t\t<section class=\"elementor-section elementor-top-section elementor-element elementor-element-66cd473c elementor-section-boxed elementor-section-height-default elementor-section-height-default\" data-id=\"66cd473c\" data-element_type=\"section\">\n\t\t\t\t\t\t<div class=\"elementor-container elementor-column-gap-default\">\n\t\t\t\t\t<div class=\"elementor-column elementor-col-50 elementor-top-column elementor-element elementor-element-63280d5d\" data-id=\"63280d5d\" data-element_type=\"column\">\n\t\t\t<div class=\"elementor-widget-wrap elementor-element-populated\">\n\t\t\t\t\t\t<div class=\"elementor-element elementor-element-5911aa73 elementor-widget elementor-widget-image\" data-id=\"5911aa73\" data-element_type=\"widget\" data-widget_type=\"image.default\">\n\t\t\t\t<div class=\"elementor-widget-container\">\n\t\t\t\t\t\t\t\t\t\t\t\t\t\t\t<img fetchpriority=\"high\" decoding=\"async\" width=\"680\" height=\"371\" src=\"https:\/\/xecro.com\/wp-content\/uploads\/CBAS-Website-ProductDetail-1.jpg\" class=\"attachment-large size-large wp-image-38009\" alt=\"\" srcset=\"https:\/\/xecro.com\/wp-content\/uploads\/CBAS-Website-ProductDetail-1.jpg 680w, https:\/\/xecro.com\/wp-content\/uploads\/CBAS-Website-ProductDetail-1-300x164.jpg 300w, https:\/\/xecro.com\/wp-content\/uploads\/CBAS-Website-ProductDetail-1-600x327.jpg 600w, https:\/\/xecro.com\/wp-content\/uploads\/CBAS-Website-ProductDetail-1-16x9.jpg 16w\" sizes=\"(max-width: 680px) 100vw, 680px\" \/>\t\t\t\t\t\t\t\t\t\t\t\t\t\t\t<\/div>\n\t\t\t\t<\/div>\n\t\t\t\t\t<\/div>\n\t\t<\/div>\n\t\t\t\t<div class=\"elementor-column elementor-col-50 elementor-top-column elementor-element elementor-element-471c533f\" data-id=\"471c533f\" data-element_type=\"column\">\n\t\t\t<div class=\"elementor-widget-wrap elementor-element-populated\">\n\t\t\t\t\t\t<div class=\"elementor-element elementor-element-ad26ac4 elementor-widget elementor-widget-text-editor\" data-id=\"ad26ac4\" data-element_type=\"widget\" data-widget_type=\"text-editor.default\">\n\t\t\t\t<div class=\"elementor-widget-container\">\n\t\t\t\t\t\t\t\t\t<p>Fl\u00e4chensensoren mit gekreuzten Strahlen formen mehrere Infrarotstrahlen zu Lichtvorh\u00e4ngen mit sehr hoher Dichte. Ihre optische Synchronisation, die keine elektrische Verbindung erfordert, vereinfacht das Ersetzen von Einzelstrahl-Lichtschranken in Anwendungen, bei denen die unregelm\u00e4\u00dfige Form des zu erfassenden Objekts einen hochaufl\u00f6senden Sensor erfordert.<\/p>\t\t\t\t\t\t\t\t<\/div>\n\t\t\t\t<\/div>\n\t\t\t\t<div class=\"elementor-element elementor-element-8ad9ec3 elementor-widget elementor-widget-text-editor\" data-id=\"8ad9ec3\" data-element_type=\"widget\" data-widget_type=\"text-editor.default\">\n\t\t\t\t<div class=\"elementor-widget-container\">\n\t\t\t\t\t\t\t\t\t<ul>\n<li>Teach-In-Einstellung kalibriert jeden einzelnen Kanal<br><\/li>\n<li>Vollst\u00e4ndig gekreuzte Strahlgeometrie<\/li>\n<li>Extrem kurze Blindzone<\/li>\n<li>Hohe Fremdlichtunempfindlichkeit<\/li>\n<li>Antivalenter Ausgang, NO + NC<\/li>\n<li>Mute-Eingang (PNP oder NPN) verf\u00fcgbar<\/li>\n<li>Robustes Metallgeh\u00e4use<\/li>\n<li>T-Nut-Muttern erm\u00f6glichen eine flexible Montage und H\u00f6henverstellung<\/li>\n<\/ul>\t\t\t\t\t\t\t\t<\/div>\n\t\t\t\t<\/div>\n\t\t\t\t\t<\/div>\n\t\t<\/div>\n\t\t\t\t\t<\/div>\n\t\t<\/section>\n\t\t\t\t<section class=\"elementor-section elementor-top-section elementor-element elementor-element-77fe0896 elementor-section-boxed elementor-section-height-default elementor-section-height-default\" data-id=\"77fe0896\" data-element_type=\"section\">\n\t\t\t\t\t\t<div class=\"elementor-container elementor-column-gap-default\">\n\t\t\t\t\t<div class=\"elementor-column elementor-col-100 elementor-top-column elementor-element elementor-element-b6cb3f5\" data-id=\"b6cb3f5\" data-element_type=\"column\">\n\t\t\t<div class=\"elementor-widget-wrap elementor-element-populated\">\n\t\t\t\t\t\t<div class=\"elementor-element elementor-element-618a5ed9 elementor-widget-divider--view-line elementor-widget elementor-widget-divider\" data-id=\"618a5ed9\" data-element_type=\"widget\" data-widget_type=\"divider.default\">\n\t\t\t\t<div class=\"elementor-widget-container\">\n\t\t\t\t\t\t\t<div class=\"elementor-divider\">\n\t\t\t<span class=\"elementor-divider-separator\">\n\t\t\t\t\t\t<\/span>\n\t\t<\/div>\n\t\t\t\t\t\t<\/div>\n\t\t\t\t<\/div>\n\t\t\t\t\t<\/div>\n\t\t<\/div>\n\t\t\t\t\t<\/div>\n\t\t<\/section>\n\t\t\t\t<section class=\"elementor-section elementor-top-section elementor-element elementor-element-71fa4979 elementor-section-boxed elementor-section-height-default elementor-section-height-default\" data-id=\"71fa4979\" data-element_type=\"section\">\n\t\t\t\t\t\t<div class=\"elementor-container elementor-column-gap-default\">\n\t\t\t\t\t<div class=\"elementor-column elementor-col-50 elementor-top-column elementor-element elementor-element-3fb32d7d\" data-id=\"3fb32d7d\" data-element_type=\"column\">\n\t\t\t<div class=\"elementor-widget-wrap elementor-element-populated\">\n\t\t\t\t\t\t<div class=\"elementor-element elementor-element-1b1576aa elementor-widget elementor-widget-image\" data-id=\"1b1576aa\" data-element_type=\"widget\" data-widget_type=\"image.default\">\n\t\t\t\t<div class=\"elementor-widget-container\">\n\t\t\t\t\t\t\t\t\t\t\t\t\t\t\t<img decoding=\"async\" width=\"680\" height=\"510\" src=\"https:\/\/xecro.com\/wp-content\/uploads\/CBAS-Website-Application1-1.jpg\" class=\"attachment-large size-large wp-image-38010\" alt=\"\" srcset=\"https:\/\/xecro.com\/wp-content\/uploads\/CBAS-Website-Application1-1.jpg 680w, https:\/\/xecro.com\/wp-content\/uploads\/CBAS-Website-Application1-1-300x225.jpg 300w, https:\/\/xecro.com\/wp-content\/uploads\/CBAS-Website-Application1-1-600x450.jpg 600w, https:\/\/xecro.com\/wp-content\/uploads\/CBAS-Website-Application1-1-16x12.jpg 16w\" sizes=\"(max-width: 680px) 100vw, 680px\" \/>\t\t\t\t\t\t\t\t\t\t\t\t\t\t\t<\/div>\n\t\t\t\t<\/div>\n\t\t\t\t\t<\/div>\n\t\t<\/div>\n\t\t\t\t<div class=\"elementor-column elementor-col-50 elementor-top-column elementor-element elementor-element-3e247226\" data-id=\"3e247226\" data-element_type=\"column\">\n\t\t\t<div class=\"elementor-widget-wrap elementor-element-populated\">\n\t\t\t\t\t\t<div class=\"elementor-element elementor-element-57b2a399 elementor-widget elementor-widget-image\" data-id=\"57b2a399\" data-element_type=\"widget\" data-widget_type=\"image.default\">\n\t\t\t\t<div class=\"elementor-widget-container\">\n\t\t\t\t\t\t\t\t\t\t\t\t\t\t\t<img decoding=\"async\" width=\"680\" height=\"510\" src=\"https:\/\/xecro.com\/wp-content\/uploads\/CBAS-Website-Application2-1.jpg\" class=\"attachment-large size-large wp-image-38011\" alt=\"\" srcset=\"https:\/\/xecro.com\/wp-content\/uploads\/CBAS-Website-Application2-1.jpg 680w, https:\/\/xecro.com\/wp-content\/uploads\/CBAS-Website-Application2-1-300x225.jpg 300w, https:\/\/xecro.com\/wp-content\/uploads\/CBAS-Website-Application2-1-600x450.jpg 600w, https:\/\/xecro.com\/wp-content\/uploads\/CBAS-Website-Application2-1-16x12.jpg 16w\" sizes=\"(max-width: 680px) 100vw, 680px\" \/>\t\t\t\t\t\t\t\t\t\t\t\t\t\t\t<\/div>\n\t\t\t\t<\/div>\n\t\t\t\t\t<\/div>\n\t\t<\/div>\n\t\t\t\t\t<\/div>\n\t\t<\/section>\n\t\t\t\t<\/div>","protected":false},"excerpt":{"rendered":"<p>Photoelectric Sensors | Crossed beam Area Sensors Crossed-beam area sensors form multiple infrared beams into very high density light curtains. Their optical synchronization, where no electric interconnection is required, simplifies replacing single beam light barriers in applications where the irregular shape of the object being detected requires a high resolution sensor. Teach-in addjustment calibrates every [&hellip;]<\/p>\n","protected":false},"author":1,"featured_media":0,"parent":0,"menu_order":0,"comment_status":"closed","ping_status":"closed","template":"elementor_header_footer","meta":{"_acf_changed":false,"footnotes":""},"class_list":["post-37859","page","type-page","status-publish","hentry"],"acf":[],"_links":{"self":[{"href":"https:\/\/xecro.com\/de\/wp-json\/wp\/v2\/pages\/37859","targetHints":{"allow":["GET"]}}],"collection":[{"href":"https:\/\/xecro.com\/de\/wp-json\/wp\/v2\/pages"}],"about":[{"href":"https:\/\/xecro.com\/de\/wp-json\/wp\/v2\/types\/page"}],"author":[{"embeddable":true,"href":"https:\/\/xecro.com\/de\/wp-json\/wp\/v2\/users\/1"}],"replies":[{"embeddable":true,"href":"https:\/\/xecro.com\/de\/wp-json\/wp\/v2\/comments?post=37859"}],"version-history":[{"count":0,"href":"https:\/\/xecro.com\/de\/wp-json\/wp\/v2\/pages\/37859\/revisions"}],"wp:attachment":[{"href":"https:\/\/xecro.com\/de\/wp-json\/wp\/v2\/media?parent=37859"}],"curies":[{"name":"wp","href":"https:\/\/api.w.org\/{rel}","templated":true}]}}