{"id":37903,"date":"2021-01-17T16:11:07","date_gmt":"2021-01-17T15:11:07","guid":{"rendered":"https:\/\/www.xecro.com\/?page_id=37903"},"modified":"2022-03-30T09:11:04","modified_gmt":"2022-03-30T07:11:04","slug":"inductive-proximity-high-pressure-proof","status":"publish","type":"page","link":"https:\/\/xecro.com\/de\/inductive-proximity-high-pressure-proof\/","title":{"rendered":"Induktive Sensoren \u2013 Hochdruckfest"},"content":{"rendered":"<div data-elementor-type=\"wp-page\" data-elementor-id=\"37903\" class=\"elementor elementor-37903\">\n\t\t\t\t\t\t<section class=\"elementor-section elementor-top-section elementor-element elementor-element-5db9228c elementor-section-boxed elementor-section-height-default elementor-section-height-default\" data-id=\"5db9228c\" data-element_type=\"section\">\n\t\t\t\t\t\t<div class=\"elementor-container elementor-column-gap-default\">\n\t\t\t\t\t<div class=\"elementor-column elementor-col-100 elementor-top-column elementor-element elementor-element-63ffb9d\" data-id=\"63ffb9d\" data-element_type=\"column\">\n\t\t\t<div class=\"elementor-widget-wrap elementor-element-populated\">\n\t\t\t\t\t\t<div class=\"elementor-element elementor-element-4c56308d elementor-widget elementor-widget-heading\" data-id=\"4c56308d\" data-element_type=\"widget\" data-widget_type=\"heading.default\">\n\t\t\t\t<div class=\"elementor-widget-container\">\n\t\t\t\t\t<h3 class=\"elementor-heading-title elementor-size-default\">Add Your Heading Text Here<\/h3>\t\t\t\t<\/div>\n\t\t\t\t<\/div>\n\t\t\t\t\t<\/div>\n\t\t<\/div>\n\t\t\t\t\t<\/div>\n\t\t<\/section>\n\t\t\t\t<section class=\"elementor-section elementor-top-section elementor-element elementor-element-7edeac55 elementor-section-boxed elementor-section-height-default elementor-section-height-default\" data-id=\"7edeac55\" data-element_type=\"section\">\n\t\t\t\t\t\t<div class=\"elementor-container elementor-column-gap-default\">\n\t\t\t\t\t<div class=\"elementor-column elementor-col-50 elementor-top-column elementor-element elementor-element-30cef93\" data-id=\"30cef93\" data-element_type=\"column\">\n\t\t\t<div class=\"elementor-widget-wrap elementor-element-populated\">\n\t\t\t\t\t\t<div class=\"elementor-element elementor-element-31894a8 elementor-widget elementor-widget-image\" data-id=\"31894a8\" data-element_type=\"widget\" data-widget_type=\"image.default\">\n\t\t\t\t<div class=\"elementor-widget-container\">\n\t\t\t\t\t\t\t\t\t\t\t\t\t\t\t<img fetchpriority=\"high\" decoding=\"async\" width=\"670\" height=\"402\" src=\"https:\/\/xecro.com\/wp-content\/uploads\/IHP-Website-ProductDetail.jpg\" class=\"attachment-large size-large wp-image-37754\" alt=\"\" srcset=\"https:\/\/xecro.com\/wp-content\/uploads\/IHP-Website-ProductDetail.jpg 670w, https:\/\/xecro.com\/wp-content\/uploads\/IHP-Website-ProductDetail-300x180.jpg 300w, https:\/\/xecro.com\/wp-content\/uploads\/IHP-Website-ProductDetail-600x360.jpg 600w, https:\/\/xecro.com\/wp-content\/uploads\/IHP-Website-ProductDetail-16x10.jpg 16w\" sizes=\"(max-width: 670px) 100vw, 670px\" \/>\t\t\t\t\t\t\t\t\t\t\t\t\t\t\t<\/div>\n\t\t\t\t<\/div>\n\t\t\t\t\t<\/div>\n\t\t<\/div>\n\t\t\t\t<div class=\"elementor-column elementor-col-50 elementor-top-column elementor-element elementor-element-5fd277a5\" data-id=\"5fd277a5\" data-element_type=\"column\">\n\t\t\t<div class=\"elementor-widget-wrap elementor-element-populated\">\n\t\t\t\t\t\t<div class=\"elementor-element elementor-element-5d4918f0 elementor-widget elementor-widget-text-editor\" data-id=\"5d4918f0\" data-element_type=\"widget\" data-widget_type=\"text-editor.default\">\n\t\t\t\t<div class=\"elementor-widget-container translation-block\">Induktive Sensoren f\u00fcr Hochdruckanwendungen werden mit zwei Technologien hergestellt. <br> <br>\nDie klassische Konstruktion mit einer Keramikdruckplatte erm\u00f6glicht Dr\u00fccke von bis zu 500 bar. Es ist die am weitesten verbreitete Technologie f\u00fcr hochdruckbest\u00e4ndige induktive Sensoren. <br> <br>\nF\u00fcr besonders anspruchsvolle Anwendungen werden induktive Sensoren alternativ mit einem extrem widerstandsf\u00e4higen Vollmetallgeh\u00e4use, einschlie\u00dflich der Sensorfl\u00e4che, hergestellt. Ihr Geh\u00e4use besteht aus einem massiven St\u00fcck Edelstahl, das einem Druck von bis zu 1000 bar standh\u00e4lt.<\/div>\n\t\t\t\t<\/div>\n\t\t\t\t\t<\/div>\n\t\t<\/div>\n\t\t\t\t\t<\/div>\n\t\t<\/section>\n\t\t\t\t<\/div>","protected":false},"excerpt":{"rendered":"<p>Inductive sensors for high pressure applications are manufactured using two technologies. The classic construction with a ceramic pressure plate allows pressures of up to 500 bar. It is the most widely used technology for high pressure resistant inductive sensors. For particularly demanding applications, inductive sensors are alternatively manufactured with an extremely resistant, full metal housing, [&hellip;]<\/p>\n","protected":false},"author":1,"featured_media":0,"parent":0,"menu_order":0,"comment_status":"closed","ping_status":"closed","template":"elementor_header_footer","meta":{"_acf_changed":false,"footnotes":""},"class_list":["post-37903","page","type-page","status-publish","hentry"],"acf":[],"_links":{"self":[{"href":"https:\/\/xecro.com\/de\/wp-json\/wp\/v2\/pages\/37903","targetHints":{"allow":["GET"]}}],"collection":[{"href":"https:\/\/xecro.com\/de\/wp-json\/wp\/v2\/pages"}],"about":[{"href":"https:\/\/xecro.com\/de\/wp-json\/wp\/v2\/types\/page"}],"author":[{"embeddable":true,"href":"https:\/\/xecro.com\/de\/wp-json\/wp\/v2\/users\/1"}],"replies":[{"embeddable":true,"href":"https:\/\/xecro.com\/de\/wp-json\/wp\/v2\/comments?post=37903"}],"version-history":[{"count":0,"href":"https:\/\/xecro.com\/de\/wp-json\/wp\/v2\/pages\/37903\/revisions"}],"wp:attachment":[{"href":"https:\/\/xecro.com\/de\/wp-json\/wp\/v2\/media?parent=37903"}],"curies":[{"name":"wp","href":"https:\/\/api.w.org\/{rel}","templated":true}]}}