{"id":462,"date":"2020-12-19T15:51:53","date_gmt":"2020-12-19T14:51:53","guid":{"rendered":"http:\/\/shop.xecro-developer.v220201227215135613.goodsrv.de\/?page_id=462"},"modified":"2025-08-03T13:43:54","modified_gmt":"2025-08-03T11:43:54","slug":"inductive-high-performance","status":"publish","type":"page","link":"https:\/\/xecro.com\/de\/inductive-high-performance\/","title":{"rendered":"Inductive Proximity &#8211; 3-wire"},"content":{"rendered":"<div data-elementor-type=\"wp-page\" data-elementor-id=\"462\" class=\"elementor elementor-462\">\n\t\t\t\t\t\t<section class=\"elementor-section elementor-top-section elementor-element elementor-element-5fbc288 elementor-section-boxed elementor-section-height-default elementor-section-height-default\" data-id=\"5fbc288\" data-element_type=\"section\">\n\t\t\t\t\t\t<div class=\"elementor-container elementor-column-gap-default\">\n\t\t\t\t\t<div class=\"elementor-column elementor-col-100 elementor-top-column elementor-element elementor-element-b257324\" data-id=\"b257324\" data-element_type=\"column\">\n\t\t\t<div class=\"elementor-widget-wrap elementor-element-populated\">\n\t\t\t\t\t\t<div class=\"elementor-element elementor-element-6c766ec elementor-widget elementor-widget-text-editor\" data-id=\"6c766ec\" data-element_type=\"widget\" data-widget_type=\"text-editor.default\">\n\t\t\t\t<div class=\"elementor-widget-container\">\n\t\t\t\t\t\t\t\t\t<h3>Induktive N\u00e4herungsschalter <strong><span style=\"color: #055a8c;\">3-wire DC<\/span><br \/><\/strong><\/h3>\t\t\t\t\t\t\t\t<\/div>\n\t\t\t\t<\/div>\n\t\t\t\t\t<\/div>\n\t\t<\/div>\n\t\t\t\t\t<\/div>\n\t\t<\/section>\n\t\t\t\t<section class=\"elementor-section elementor-top-section elementor-element elementor-element-18d5bb6 elementor-section-boxed elementor-section-height-default elementor-section-height-default\" data-id=\"18d5bb6\" data-element_type=\"section\">\n\t\t\t\t\t\t<div class=\"elementor-container elementor-column-gap-default\">\n\t\t\t\t\t<div class=\"elementor-column elementor-col-50 elementor-top-column elementor-element elementor-element-82e0089\" data-id=\"82e0089\" data-element_type=\"column\">\n\t\t\t<div class=\"elementor-widget-wrap elementor-element-populated\">\n\t\t\t\t\t\t<div class=\"elementor-element elementor-element-c2a94d3 elementor-widget elementor-widget-image\" data-id=\"c2a94d3\" data-element_type=\"widget\" data-widget_type=\"image.default\">\n\t\t\t\t<div class=\"elementor-widget-container\">\n\t\t\t\t\t\t\t\t\t\t\t\t\t\t\t<img fetchpriority=\"high\" decoding=\"async\" width=\"720\" height=\"404\" src=\"https:\/\/xecro.com\/wp-content\/uploads\/2020\/12\/Web-Category-IPS.png\" class=\"attachment-large size-large wp-image-25158\" alt=\"\" srcset=\"https:\/\/xecro.com\/wp-content\/uploads\/2020\/12\/Web-Category-IPS.png 720w, https:\/\/xecro.com\/wp-content\/uploads\/2020\/12\/Web-Category-IPS-300x168.png 300w, https:\/\/xecro.com\/wp-content\/uploads\/2020\/12\/Web-Category-IPS-600x337.png 600w, https:\/\/xecro.com\/wp-content\/uploads\/2020\/12\/Web-Category-IPS-16x9.png 16w\" sizes=\"(max-width: 720px) 100vw, 720px\" \/>\t\t\t\t\t\t\t\t\t\t\t\t\t\t\t<\/div>\n\t\t\t\t<\/div>\n\t\t\t\t\t<\/div>\n\t\t<\/div>\n\t\t\t\t<div class=\"elementor-column elementor-col-50 elementor-top-column elementor-element elementor-element-1b7f659\" data-id=\"1b7f659\" data-element_type=\"column\">\n\t\t\t<div class=\"elementor-widget-wrap elementor-element-populated\">\n\t\t\t\t\t\t<div class=\"elementor-element elementor-element-53d5870 elementor-widget elementor-widget-text-editor\" data-id=\"53d5870\" data-element_type=\"widget\" data-widget_type=\"text-editor.default\">\n\t\t\t\t<div class=\"elementor-widget-container\">\n\t\t\t\t\t\t\t\t\t<p>Diese komplexe Reihe induktiver Sensoren mit Standard- und Hochleistungs-Schaltabst\u00e4nden deckt alle regul\u00e4ren Gr\u00f6\u00dfen ab<\/p><ul><li>\u00d86.5 mm<\/li><li>M8 x 1<\/li><li>8&#215;8 mm<\/li><li>M12 x 1<\/li><li>M18 x 1<\/li><li>M30 x 1.5<\/li><\/ul><p>Dar\u00fcber hinaus kombiniert diese Serie auch die h\u00f6chsten Schaltabst\u00e4nde mit extrem kurzen Geh\u00e4usel\u00e4ngen, wie z.B.<\/p><ul><li>M8, quasi-b\u00fcndig, 4 mm, Stecker M8 in einem 32 mm kurzen Geh\u00e4use.<\/li><li>M12, quasi-b\u00fcndig, 8 mm, Stecker M12 in einem 35 mm kurzen Geh\u00e4use.<\/li><li>M12, quasi-b\u00fcndig, 8 mm, Festkabel mit einem 22 mm kurzen Geh\u00e4use.<\/li><\/ul>\t\t\t\t\t\t\t\t<\/div>\n\t\t\t\t<\/div>\n\t\t\t\t\t<\/div>\n\t\t<\/div>\n\t\t\t\t\t<\/div>\n\t\t<\/section>\n\t\t\t\t<section class=\"elementor-section elementor-top-section elementor-element elementor-element-8095d09 elementor-section-boxed elementor-section-height-default elementor-section-height-default\" data-id=\"8095d09\" data-element_type=\"section\">\n\t\t\t\t\t\t<div class=\"elementor-container elementor-column-gap-default\">\n\t\t\t\t\t<div class=\"elementor-column elementor-col-50 elementor-top-column elementor-element elementor-element-b774197\" data-id=\"b774197\" data-element_type=\"column\">\n\t\t\t<div class=\"elementor-widget-wrap\">\n\t\t\t\t\t\t\t<\/div>\n\t\t<\/div>\n\t\t\t\t<div class=\"elementor-column elementor-col-50 elementor-top-column elementor-element elementor-element-0de6eb5\" data-id=\"0de6eb5\" data-element_type=\"column\">\n\t\t\t<div class=\"elementor-widget-wrap elementor-element-populated\">\n\t\t\t\t\t\t<div class=\"elementor-element elementor-element-d25a8ab elementor-alert-info elementor-widget elementor-widget-alert\" data-id=\"d25a8ab\" data-element_type=\"widget\" data-widget_type=\"alert.default\">\n\t\t\t\t<div class=\"elementor-widget-container\">\n\t\t\t\t\t\t\t<div class=\"elementor-alert\" role=\"alert\">\n\n\t\t\t\t\t\t<span class=\"elementor-alert-title\">Inductive Proximity Miniature Size<\/span>\n\t\t\t\n\t\t\t\t\t\t<span class=\"elementor-alert-description\">Your're currently browsing the general category of our inductive proximity switches.\nPlease note that our smallest sensors ranging from \u22053 mm to M5 and \u25a25x5 are not included. Click here to for miniature inductive proximity.<\/span>\n\t\t\t\n\t\t\t\t\t\t<button type=\"button\" class=\"elementor-alert-dismiss\" aria-label=\"Dismiss this alert.\">\n\t\t\t\t<i aria-hidden=\"true\" class=\"fas fa-info-circle\"><\/i>\t\t\t<\/button>\n\t\t\t\n\t\t<\/div>\n\t\t\t\t\t\t<\/div>\n\t\t\t\t<\/div>\n\t\t\t\t\t<\/div>\n\t\t<\/div>\n\t\t\t\t\t<\/div>\n\t\t<\/section>\n\t\t\t\t<section class=\"elementor-section elementor-top-section elementor-element elementor-element-8a8ab63 elementor-section-full_width elementor-section-height-default elementor-section-height-default\" data-id=\"8a8ab63\" data-element_type=\"section\">\n\t\t\t\t\t\t<div class=\"elementor-container elementor-column-gap-default\">\n\t\t\t\t\t<div class=\"elementor-column elementor-col-100 elementor-top-column elementor-element elementor-element-091bed5\" data-id=\"091bed5\" data-element_type=\"column\">\n\t\t\t<div class=\"elementor-widget-wrap elementor-element-populated\">\n\t\t\t\t\t\t<div class=\"elementor-element elementor-element-a764f8a elementor-widget elementor-widget-shortcode\" data-id=\"a764f8a\" data-element_type=\"widget\" data-widget_type=\"shortcode.default\">\n\t\t\t\t<div class=\"elementor-widget-container\">\n\t\t\t\t\t\t\t<div class=\"elementor-shortcode\"><div class=\"wcpt-lazy-load\" data-wcpt-table-id=\"112416\"\r    data-wcpt-query-string=\"?112416_device=laptop\" \r    data-wcpt-sc-attrs=\"{&quot;dynamic_hide_filters&quot;:&quot;true&quot;,&quot;dynamic_filter_types&quot;:&quot;category, attribute, favorite, on_sale, availability, tag, taxonomy, brand&quot;,&quot;laptop_auto_scroll&quot;:&quot;false&quot;,&quot;tablet_auto_scroll&quot;:&quot;false&quot;,&quot;phone_auto_scroll&quot;:&quot;false&quot;,&quot;lazy_load&quot;:true,&quot;pagination_show_prev_next_icons&quot;:&quot;true&quot;,&quot;pagination_show_first_last_icons&quot;:&quot;true&quot;,&quot;pagination_show_first_last_numbers&quot;:&quot;true&quot;,&quot;laptop_freeze_left&quot;:&quot;2&quot;,&quot;laptop_freeze_right&quot;:&quot;3&quot;,&quot;laptop_infinite_scroll&quot;:&quot;true&quot;}\"\r    data-wcpt-column-layout-source-map=\"{&quot;laptop&quot;:&quot;laptop&quot;,&quot;tablet&quot;:&quot;laptop&quot;,&quot;phone&quot;:&quot;laptop&quot;}\"\r    data-wcpt-encrypted-query-vars=\"TU1NSG4xMmhEZjNEUW5EUjIyYU1SMGk1V29EUVdsdytDMkE4czZ1VHFvTT06Oo0Xgw6kTj75PX12Inx679k=\"\r    data-wcpt-encrypted-user-filters=\"dnlJQ1VQTzJYWUhiUkh3MHl5WGliRXpuSXJac1htdlkzclVSZmNiY25iQT06OoHfpm9iaMKKj2oOBDxR2TY=\"\r    >  <div class=\"wcpt-lazy-load-animation\"><\/div><\/div><\/div>\n\t\t\t\t\t\t<\/div>\n\t\t\t\t<\/div>\n\t\t\t\t\t<\/div>\n\t\t<\/div>\n\t\t\t\t\t<\/div>\n\t\t<\/section>\n\t\t\t\t<\/div>","protected":false},"excerpt":{"rendered":"<p>Inductive Proximity | 3-wire DC This most complex line of inductive sensors with standard and highest sensing distances covers all regular sizes as \u00d86.5 mm M8 x 1 8&#215;8 mm M12 x 1 M18 x 1 M30 x 1.5 Furthermore, this series also combines the highest sensing distances available, with extremely short housings, as e.g. [&hellip;]<\/p>\n","protected":false},"author":1,"featured_media":0,"parent":0,"menu_order":0,"comment_status":"closed","ping_status":"closed","template":"elementor_header_footer","meta":{"_acf_changed":false,"footnotes":""},"class_list":["post-462","page","type-page","status-publish","hentry"],"acf":[],"_links":{"self":[{"href":"https:\/\/xecro.com\/de\/wp-json\/wp\/v2\/pages\/462","targetHints":{"allow":["GET"]}}],"collection":[{"href":"https:\/\/xecro.com\/de\/wp-json\/wp\/v2\/pages"}],"about":[{"href":"https:\/\/xecro.com\/de\/wp-json\/wp\/v2\/types\/page"}],"author":[{"embeddable":true,"href":"https:\/\/xecro.com\/de\/wp-json\/wp\/v2\/users\/1"}],"replies":[{"embeddable":true,"href":"https:\/\/xecro.com\/de\/wp-json\/wp\/v2\/comments?post=462"}],"version-history":[{"count":57,"href":"https:\/\/xecro.com\/de\/wp-json\/wp\/v2\/pages\/462\/revisions"}],"predecessor-version":[{"id":282379,"href":"https:\/\/xecro.com\/de\/wp-json\/wp\/v2\/pages\/462\/revisions\/282379"}],"wp:attachment":[{"href":"https:\/\/xecro.com\/de\/wp-json\/wp\/v2\/media?parent=462"}],"curies":[{"name":"wp","href":"https:\/\/api.w.org\/{rel}","templated":true}]}}